{"id":2979,"date":"2023-02-10T08:29:43","date_gmt":"2023-02-10T08:29:43","guid":{"rendered":"https:\/\/okunt.cn\/?page_id=2979"},"modified":"2023-02-11T02:33:28","modified_gmt":"2023-02-11T02:33:28","slug":"shantui-bulldozer","status":"publish","type":"page","link":"https:\/\/okunt.cn\/es\/shantui-bulldozer\/","title":{"rendered":"excavadora shantui"},"content":{"rendered":"<div data-elementor-type=\"wp-page\" data-elementor-id=\"2979\" class=\"elementor elementor-2979\" data-elementor-post-type=\"page\">\n\t\t\t\t\t\t<section data-particle_enable=\"false\" data-particle-mobile-disabled=\"false\" class=\"elementor-section elementor-top-section elementor-element elementor-element-ed02115 elementor-section-boxed elementor-section-height-default elementor-section-height-default\" data-id=\"ed02115\" data-element_type=\"section\" data-e-type=\"section\">\n\t\t\t\t\t\t<div class=\"elementor-container elementor-column-gap-default\">\n\t\t\t\t\t<div class=\"elementor-column elementor-col-100 elementor-top-column elementor-element elementor-element-0417f04\" data-id=\"0417f04\" data-element_type=\"column\" data-e-type=\"column\">\n\t\t\t<div class=\"elementor-widget-wrap elementor-element-populated\">\n\t\t\t\t\t\t<div class=\"elementor-element elementor-element-28ea47e elementor-widget elementor-widget-heading\" data-id=\"28ea47e\" data-element_type=\"widget\" data-e-type=\"widget\" data-widget_type=\"heading.default\">\n\t\t\t\t<div class=\"elementor-widget-container\">\n\t\t\t\t\t<h1 class=\"elementor-heading-title elementor-size-default\">excavadora shantui<\/h1>\t\t\t\t<\/div>\n\t\t\t\t<\/div>\n\t\t\t\t\t<\/div>\n\t\t<\/div>\n\t\t\t\t\t<\/div>\n\t\t<\/section>\n\t\t\t\t<section data-particle_enable=\"false\" data-particle-mobile-disabled=\"false\" class=\"elementor-section elementor-top-section elementor-element elementor-element-bec45e6 elementor-section-boxed elementor-section-height-default elementor-section-height-default\" data-id=\"bec45e6\" data-element_type=\"section\" data-e-type=\"section\">\n\t\t\t\t\t\t<div class=\"elementor-container elementor-column-gap-default\">\n\t\t\t\t\t<div class=\"elementor-column elementor-col-100 elementor-top-column elementor-element elementor-element-d1b2124\" data-id=\"d1b2124\" data-element_type=\"column\" data-e-type=\"column\">\n\t\t\t<div class=\"elementor-widget-wrap elementor-element-populated\">\n\t\t\t\t\t\t<div class=\"elementor-element elementor-element-c43b106 elementor-widget elementor-widget-text-editor\" data-id=\"c43b106\" data-element_type=\"widget\" data-e-type=\"widget\" data-widget_type=\"text-editor.default\">\n\t\t\t\t<div class=\"elementor-widget-container\">\n\t\t\t\t\t\t\t\t\t<div class=\"idea new\"><p>Las excavadoras Shantui son una de las marcas m\u00e1s populares de excavadoras en el mercado hoy en d\u00eda. Precios de las excavadoras Shantui. Son conocidas por su construcci\u00f3n de calidad y dise\u00f1o duradero. Las excavadoras Shantui se utilizan en una variedad de aplicaciones, desde la construcci\u00f3n y la miner\u00eda hasta la silvicultura y el trabajo agr\u00edcola. Si est\u00e1 buscando excavadoras de primera calidad, Shantui es una buena opci\u00f3n.<\/p><\/div>\t\t\t\t\t\t\t\t<\/div>\n\t\t\t\t<\/div>\n\t\t\t\t\t<\/div>\n\t\t<\/div>\n\t\t\t\t\t<\/div>\n\t\t<\/section>\n\t\t\t\t<section data-particle_enable=\"false\" data-particle-mobile-disabled=\"false\" class=\"elementor-section elementor-top-section elementor-element elementor-element-af37bf9 elementor-section-boxed elementor-section-height-default elementor-section-height-default\" data-id=\"af37bf9\" data-element_type=\"section\" data-e-type=\"section\">\n\t\t\t\t\t\t<div class=\"elementor-container elementor-column-gap-default\">\n\t\t\t\t\t<div class=\"elementor-column elementor-col-100 elementor-top-column elementor-element elementor-element-9d7c170\" data-id=\"9d7c170\" data-element_type=\"column\" data-e-type=\"column\">\n\t\t\t<div class=\"elementor-widget-wrap elementor-element-populated\">\n\t\t\t\t\t\t<div class=\"elementor-element elementor-element-e4c8802 elementor-grid-4 elementor-grid-tablet-3 elementor-grid-mobile-2 elementor-products-grid elementor-wc-products elementor-widget elementor-widget-woocommerce-products\" data-id=\"e4c8802\" data-element_type=\"widget\" data-e-type=\"widget\" data-widget_type=\"woocommerce-products.default\">\n\t\t\t\t<div class=\"elementor-widget-container\">\n\t\t\t\t\t<div class=\"woocommerce columns-4\"><ul class=\"products elementor-grid columns-4\" data-products=\"type-1\">\n<li class=\"product type-product post-198 status-publish first instock product_cat-bulldozer has-post-thumbnail shipping-taxable product-type-simple\">\n\t<a href=\"https:\/\/okunt.cn\/es\/producto\/shantui-bulldozer-for-sale-sd32\/\" class=\"woocommerce-LoopProduct-link woocommerce-loop-product__link\"><img fetchpriority=\"high\" decoding=\"async\" width=\"300\" height=\"400\" src=\"https:\/\/okunt.cn\/wp-content\/uploads\/2022\/06\/Bulldozer_SD32-300x400.jpg\" class=\"attachment-woocommerce_thumbnail size-woocommerce_thumbnail\" alt=\"SHANTUI Bulldozer SD32 Supplier\" srcset=\"https:\/\/okunt.cn\/wp-content\/uploads\/2022\/06\/Bulldozer_SD32-300x400.jpg 300w, https:\/\/okunt.cn\/wp-content\/uploads\/2022\/06\/Bulldozer_SD32-10x12.jpg 10w\" sizes=\"(max-width: 300px) 100vw, 300px\" title=\"\"><h2 class=\"woocommerce-loop-product__title\">Bulldozer Shantui a la venta SD32<\/h2>\n<\/a><a href=\"https:\/\/okunt.cn\/es\/producto\/shantui-bulldozer-for-sale-sd32\/\" aria-describedby=\"woocommerce_loop_add_to_cart_link_describedby_198\" data-quantity=\"1\" class=\"button product_type_simple\" data-product_id=\"198\" data-product_sku=\"\" aria-label=\"Leer m\u00e1s sobre \u201cShantui bulldozer for sale SD32\u201d\" rel=\"nofollow\" data-success_message=\"\" data-no-translation=\"\" data-trp-gettext=\"\" data-no-translation-aria-label=\"\">Lee mas<\/a>\t<span id=\"woocommerce_loop_add_to_cart_link_describedby_198\" class=\"screen-reader-text\">\n\t\t\t<\/span>\n<\/li>\n<li class=\"product type-product post-175 status-publish instock product_cat-bulldozer has-post-thumbnail shipping-taxable product-type-simple\">\n\t<a href=\"https:\/\/okunt.cn\/es\/producto\/shantui-bulldozer-type-sd16tf\/\" class=\"woocommerce-LoopProduct-link woocommerce-loop-product__link\"><img decoding=\"async\" width=\"300\" height=\"400\" src=\"https:\/\/okunt.cn\/wp-content\/uploads\/2022\/06\/Bulldozer_SD16TF-2-300x400.jpg\" class=\"attachment-woocommerce_thumbnail size-woocommerce_thumbnail\" alt=\"SHANTUI Bulldozer SD16TF Wholesalers\" srcset=\"https:\/\/okunt.cn\/wp-content\/uploads\/2022\/06\/Bulldozer_SD16TF-2-300x400.jpg 300w, https:\/\/okunt.cn\/wp-content\/uploads\/2022\/06\/Bulldozer_SD16TF-2-10x12.jpg 10w\" sizes=\"(max-width: 300px) 100vw, 300px\" title=\"\"><h2 class=\"woocommerce-loop-product__title\">Bulldozer Shantui tipo SD16TF<\/h2>\n<\/a><a href=\"https:\/\/okunt.cn\/es\/producto\/shantui-bulldozer-type-sd16tf\/\" aria-describedby=\"woocommerce_loop_add_to_cart_link_describedby_175\" data-quantity=\"1\" class=\"button product_type_simple\" data-product_id=\"175\" data-product_sku=\"\" aria-label=\"Leer m\u00e1s sobre \u201cShantui bulldozer type SD16TF\u201d\" rel=\"nofollow\" data-success_message=\"\" data-no-translation=\"\" data-trp-gettext=\"\" data-no-translation-aria-label=\"\">Lee mas<\/a>\t<span id=\"woocommerce_loop_add_to_cart_link_describedby_175\" class=\"screen-reader-text\">\n\t\t\t<\/span>\n<\/li>\n<li class=\"product type-product post-173 status-publish instock product_cat-bulldozer has-post-thumbnail shipping-taxable product-type-simple\">\n\t<a href=\"https:\/\/okunt.cn\/es\/producto\/best-sd16-shantui-bulldozer-for-sale\/\" class=\"woocommerce-LoopProduct-link woocommerce-loop-product__link\"><img decoding=\"async\" width=\"300\" height=\"400\" src=\"https:\/\/okunt.cn\/wp-content\/uploads\/2022\/06\/Bulldozer_SD16-Bulldozer-300x400.jpg\" class=\"attachment-woocommerce_thumbnail size-woocommerce_thumbnail\" alt=\"bulldozer\" srcset=\"https:\/\/okunt.cn\/wp-content\/uploads\/2022\/06\/Bulldozer_SD16-Bulldozer-300x400.jpg 300w, https:\/\/okunt.cn\/wp-content\/uploads\/2022\/06\/Bulldozer_SD16-Bulldozer-10x12.jpg 10w\" sizes=\"(max-width: 300px) 100vw, 300px\" title=\"\"><h2 class=\"woocommerce-loop-product__title\">La mejor excavadora Shantui SD16 a la venta<\/h2>\n<\/a><a href=\"https:\/\/okunt.cn\/es\/producto\/best-sd16-shantui-bulldozer-for-sale\/\" aria-describedby=\"woocommerce_loop_add_to_cart_link_describedby_173\" data-quantity=\"1\" class=\"button product_type_simple\" data-product_id=\"173\" data-product_sku=\"\" aria-label=\"Leer m\u00e1s sobre \u201cBest SD16 Shantui bulldozer for sale\u201d\" rel=\"nofollow\" data-success_message=\"\" data-no-translation=\"\" data-trp-gettext=\"\" data-no-translation-aria-label=\"\">Lee mas<\/a>\t<span id=\"woocommerce_loop_add_to_cart_link_describedby_173\" class=\"screen-reader-text\">\n\t\t\t<\/span>\n<\/li>\n<\/ul>\n<\/div>\t\t\t\t<\/div>\n\t\t\t\t<\/div>\n\t\t\t\t\t<\/div>\n\t\t<\/div>\n\t\t\t\t\t<\/div>\n\t\t<\/section>\n\t\t\t\t<section data-particle_enable=\"false\" data-particle-mobile-disabled=\"false\" class=\"elementor-section elementor-top-section elementor-element elementor-element-9bfad88 elementor-section-boxed elementor-section-height-default elementor-section-height-default\" data-id=\"9bfad88\" data-element_type=\"section\" data-e-type=\"section\">\n\t\t\t\t\t\t<div class=\"elementor-container elementor-column-gap-default\">\n\t\t\t\t\t<div class=\"elementor-column elementor-col-100 elementor-top-column elementor-element elementor-element-7c1c743\" data-id=\"7c1c743\" data-element_type=\"column\" data-e-type=\"column\">\n\t\t\t<div class=\"elementor-widget-wrap elementor-element-populated\">\n\t\t\t\t\t\t<div class=\"elementor-element elementor-element-391e93e elementor-widget elementor-widget-heading\" data-id=\"391e93e\" data-element_type=\"widget\" data-e-type=\"widget\" data-widget_type=\"heading.default\">\n\t\t\t\t<div class=\"elementor-widget-container\">\n\t\t\t\t\t<h2 class=\"elementor-heading-title elementor-size-default\">precios de excavadoras shantui<\/h2>\t\t\t\t<\/div>\n\t\t\t\t<\/div>\n\t\t\t\t\t<\/div>\n\t\t<\/div>\n\t\t\t\t\t<\/div>\n\t\t<\/section>\n\t\t\t\t<section data-particle_enable=\"false\" data-particle-mobile-disabled=\"false\" class=\"elementor-section elementor-top-section elementor-element elementor-element-3e56029 elementor-section-boxed elementor-section-height-default elementor-section-height-default\" data-id=\"3e56029\" data-element_type=\"section\" data-e-type=\"section\">\n\t\t\t\t\t\t<div class=\"elementor-container elementor-column-gap-default\">\n\t\t\t\t\t<div class=\"elementor-column elementor-col-100 elementor-top-column elementor-element elementor-element-25e0fd8\" data-id=\"25e0fd8\" data-element_type=\"column\" data-e-type=\"column\">\n\t\t\t<div class=\"elementor-widget-wrap elementor-element-populated\">\n\t\t\t\t\t\t<div class=\"elementor-element elementor-element-ee15d80 elementor-widget elementor-widget-text-editor\" data-id=\"ee15d80\" data-element_type=\"widget\" data-e-type=\"widget\" data-widget_type=\"text-editor.default\">\n\t\t\t\t<div class=\"elementor-widget-container\">\n\t\t\t\t\t\t\t\t\t<p>Precios de excavadoras Shantui: Shantui es una de las marcas m\u00e1s populares de excavadoras en el mercado actual. Sus excavadoras son conocidas por ser resistentes y fiables, y ofrecen una amplia gama de modelos para elegir. Los precios de las excavadoras Shantui comienzan en alrededor de $100,000, pero pueden variar seg\u00fan el modelo y las caracter\u00edsticas que seleccione.<\/p>\t\t\t\t\t\t\t\t<\/div>\n\t\t\t\t<\/div>\n\t\t\t\t\t<\/div>\n\t\t<\/div>\n\t\t\t\t\t<\/div>\n\t\t<\/section>\n\t\t\t\t<section data-particle_enable=\"false\" data-particle-mobile-disabled=\"false\" class=\"elementor-section elementor-top-section elementor-element elementor-element-41c4eb8 elementor-section-boxed elementor-section-height-default elementor-section-height-default\" data-id=\"41c4eb8\" data-element_type=\"section\" data-e-type=\"section\">\n\t\t\t\t\t\t<div class=\"elementor-container elementor-column-gap-default\">\n\t\t\t\t\t<div class=\"elementor-column elementor-col-100 elementor-top-column elementor-element elementor-element-9fc6ce1\" data-id=\"9fc6ce1\" data-element_type=\"column\" data-e-type=\"column\">\n\t\t\t<div class=\"elementor-widget-wrap elementor-element-populated\">\n\t\t\t\t\t\t<div class=\"elementor-element elementor-element-ae75ea2 elementor-grid-4 elementor-grid-tablet-3 elementor-grid-mobile-2 elementor-products-grid elementor-wc-products elementor-widget elementor-widget-woocommerce-products\" data-id=\"ae75ea2\" data-element_type=\"widget\" data-e-type=\"widget\" data-widget_type=\"woocommerce-products.default\">\n\t\t\t\t<div class=\"elementor-widget-container\">\n\t\t\t\t\t<div class=\"woocommerce columns-4\"><ul class=\"products elementor-grid columns-4\" data-products=\"type-1\">\n<li class=\"product type-product post-175 status-publish first instock product_cat-bulldozer has-post-thumbnail shipping-taxable product-type-simple\">\n\t<a href=\"https:\/\/okunt.cn\/es\/producto\/shantui-bulldozer-type-sd16tf\/\" class=\"woocommerce-LoopProduct-link woocommerce-loop-product__link\"><img decoding=\"async\" width=\"300\" height=\"400\" src=\"https:\/\/okunt.cn\/wp-content\/uploads\/2022\/06\/Bulldozer_SD16TF-2-300x400.jpg\" class=\"attachment-woocommerce_thumbnail size-woocommerce_thumbnail\" alt=\"SHANTUI Bulldozer SD16TF Wholesalers\" srcset=\"https:\/\/okunt.cn\/wp-content\/uploads\/2022\/06\/Bulldozer_SD16TF-2-300x400.jpg 300w, https:\/\/okunt.cn\/wp-content\/uploads\/2022\/06\/Bulldozer_SD16TF-2-10x12.jpg 10w\" sizes=\"(max-width: 300px) 100vw, 300px\" title=\"\"><h2 class=\"woocommerce-loop-product__title\">Bulldozer Shantui tipo SD16TF<\/h2>\n<\/a><a href=\"https:\/\/okunt.cn\/es\/producto\/shantui-bulldozer-type-sd16tf\/\" aria-describedby=\"woocommerce_loop_add_to_cart_link_describedby_175\" data-quantity=\"1\" class=\"button product_type_simple\" data-product_id=\"175\" data-product_sku=\"\" aria-label=\"Leer m\u00e1s sobre \u201cShantui bulldozer type SD16TF\u201d\" rel=\"nofollow\" data-success_message=\"\" data-no-translation=\"\" data-trp-gettext=\"\" data-no-translation-aria-label=\"\">Lee mas<\/a>\t<span id=\"woocommerce_loop_add_to_cart_link_describedby_175\" class=\"screen-reader-text\">\n\t\t\t<\/span>\n<\/li>\n<\/ul>\n<\/div>\t\t\t\t<\/div>\n\t\t\t\t<\/div>\n\t\t\t\t\t<\/div>\n\t\t<\/div>\n\t\t\t\t\t<\/div>\n\t\t<\/section>\n\t\t\t\t<\/div>","protected":false},"excerpt":{"rendered":"<p>shantui bulldozer Shantui bulldozers are one of the most popular brands of bulldozers on the market today.Shantui bulldozer prices.They are known for their quality construction and durable design. Shantui bulldozers are used in a variety of applications, from construction and mining to forestry and agricultural work. If you are looking for top quality bulldozers, Shantui [&hellip;]<\/p>\n","protected":false},"author":1,"featured_media":0,"parent":0,"menu_order":0,"comment_status":"closed","ping_status":"closed","template":"","meta":{"_eb_attr":"","footnotes":""},"class_list":["post-2979","page","type-page","status-publish","hentry"],"blocksy_meta":{"styles_descriptor":{"styles":{"desktop":"","tablet":"","mobile":""},"google_fonts":[],"version":6}},"_links":{"self":[{"href":"https:\/\/okunt.cn\/es\/wp-json\/wp\/v2\/pages\/2979","targetHints":{"allow":["GET"]}}],"collection":[{"href":"https:\/\/okunt.cn\/es\/wp-json\/wp\/v2\/pages"}],"about":[{"href":"https:\/\/okunt.cn\/es\/wp-json\/wp\/v2\/types\/page"}],"author":[{"embeddable":true,"href":"https:\/\/okunt.cn\/es\/wp-json\/wp\/v2\/users\/1"}],"replies":[{"embeddable":true,"href":"https:\/\/okunt.cn\/es\/wp-json\/wp\/v2\/comments?post=2979"}],"version-history":[{"count":0,"href":"https:\/\/okunt.cn\/es\/wp-json\/wp\/v2\/pages\/2979\/revisions"}],"wp:attachment":[{"href":"https:\/\/okunt.cn\/es\/wp-json\/wp\/v2\/media?parent=2979"}],"curies":[{"name":"wp","href":"https:\/\/api.w.org\/{rel}","templated":true}]}}