{"id":2997,"date":"2023-02-14T06:21:24","date_gmt":"2023-02-14T06:21:24","guid":{"rendered":"https:\/\/okunt.cn\/?page_id=2997"},"modified":"2023-02-16T01:47:45","modified_gmt":"2023-02-16T01:47:45","slug":"shantui-wheel-loader","status":"publish","type":"page","link":"https:\/\/okunt.cn\/es\/shantui-wheel-loader\/","title":{"rendered":"cargadora de ruedas shantui"},"content":{"rendered":"<div data-elementor-type=\"wp-page\" data-elementor-id=\"2997\" class=\"elementor elementor-2997\" data-elementor-post-type=\"page\">\n\t\t\t\t\t\t<section data-particle_enable=\"false\" data-particle-mobile-disabled=\"false\" class=\"elementor-section elementor-top-section elementor-element elementor-element-3553a00 elementor-section-boxed elementor-section-height-default elementor-section-height-default\" data-id=\"3553a00\" data-element_type=\"section\" data-e-type=\"section\">\n\t\t\t\t\t\t<div class=\"elementor-container elementor-column-gap-default\">\n\t\t\t\t\t<div class=\"elementor-column elementor-col-100 elementor-top-column elementor-element elementor-element-28fcfea\" data-id=\"28fcfea\" data-element_type=\"column\" data-e-type=\"column\">\n\t\t\t<div class=\"elementor-widget-wrap elementor-element-populated\">\n\t\t\t\t\t\t<div class=\"elementor-element elementor-element-689c42b elementor-widget elementor-widget-heading\" data-id=\"689c42b\" data-element_type=\"widget\" data-e-type=\"widget\" data-widget_type=\"heading.default\">\n\t\t\t\t<div class=\"elementor-widget-container\">\n\t\t\t\t\t<h1 class=\"elementor-heading-title elementor-size-default\">Cinco influencias gigantescas de Shantui Wheel Loader.<\/h1>\t\t\t\t<\/div>\n\t\t\t\t<\/div>\n\t\t\t\t<div class=\"elementor-element elementor-element-72bb13f elementor-widget elementor-widget-text-editor\" data-id=\"72bb13f\" data-element_type=\"widget\" data-e-type=\"widget\" data-widget_type=\"text-editor.default\">\n\t\t\t\t<div class=\"elementor-widget-container\">\n\t\t\t\t\t\t\t\t\t<p><a href=\"https:\/\/zh.wikipedia.org\/wiki\/%E9%87%8D%E5%9E%8B%E5%8B%95%E5%8A%9B%E6%A9%9F%E6%A2%B0\" target=\"_blank\" style=\"background-color: var(--theme-palette-color-7); font-size: inherit; font-family: var(--fontFamily); font-style: var(--fontStyle, inherit); font-weight: var(--fontWeight); letter-spacing: var(--letterSpacing); text-transform: var(--textTransform);\" rel=\"noopener\">Cargadora de ruedas Shantui<\/a>&nbsp;es una de las marcas m\u00e1s populares y conocidas de equipos de construcci\u00f3n en China. Sus productos son ampliamente utilizados en diversos proyectos de construcci\u00f3n en todo el pa\u00eds. La empresa tiene una larga historia y sus productos son conocidos por su calidad y durabilidad.<br>La marca Shantui Wheel Loader es sin\u00f3nimo de calidad, durabilidad y confiabilidad. Sus productos se utilizan en una amplia gama de proyectos de construcci\u00f3n, desde peque\u00f1os edificios residenciales hasta proyectos de infraestructura a gran escala. La empresa tiene una s\u00f3lida reputaci\u00f3n en la industria de la construcci\u00f3n y sus productos son muy buscados por clientes nacionales e internacionales.<br>La gama de productos de cargadores de ruedas Shantui incluye una amplia variedad de modelos que se adaptan a diferentes necesidades y presupuestos. La empresa ofrece un paquete de garant\u00eda integral en todos sus productos, lo que brinda tranquilidad a los clientes.<br>Profesionales de la construcci\u00f3n de todo el mundo conf\u00edan en la marca Shantui Wheel Loader y es l\u00edder del mercado en China. Es una excelente opci\u00f3n para cualquiera que busque equipos de construcci\u00f3n de calidad a un precio asequible.<\/p>\t\t\t\t\t\t\t\t<\/div>\n\t\t\t\t<\/div>\n\t\t\t\t<div class=\"elementor-element elementor-element-3926aa6 elementor-grid-3 elementor-grid-tablet-3 elementor-grid-mobile-2 elementor-products-grid elementor-wc-products elementor-widget elementor-widget-woocommerce-products\" data-id=\"3926aa6\" data-element_type=\"widget\" data-e-type=\"widget\" data-widget_type=\"woocommerce-products.default\">\n\t\t\t\t<div class=\"elementor-widget-container\">\n\t\t\t\t\t<div class=\"woocommerce columns-3\"><ul class=\"products elementor-grid columns-3\" data-products=\"type-1\">\n<li class=\"product type-product post-240 status-publish first instock product_cat-loader has-post-thumbnail shipping-taxable product-type-simple\">\n\t<a href=\"https:\/\/okunt.cn\/es\/producto\/top-loader-shantui-loader-sl60w-dealer\/\" class=\"woocommerce-LoopProduct-link woocommerce-loop-product__link\"><img fetchpriority=\"high\" decoding=\"async\" width=\"300\" height=\"400\" src=\"https:\/\/okunt.cn\/wp-content\/uploads\/2022\/06\/Loader_SL60W-2-300x400.jpg\" class=\"attachment-woocommerce_thumbnail size-woocommerce_thumbnail\" alt=\"SHANTUI Loader SL60W Supplier\" srcset=\"https:\/\/okunt.cn\/wp-content\/uploads\/2022\/06\/Loader_SL60W-2-300x400.jpg 300w, https:\/\/okunt.cn\/wp-content\/uploads\/2022\/06\/Loader_SL60W-2-10x12.jpg 10w\" sizes=\"(max-width: 300px) 100vw, 300px\" title=\"\"><h2 class=\"woocommerce-loop-product__title\">Concesionario Shantui loader SL60W de cargador superior<\/h2>\n<\/a><a href=\"https:\/\/okunt.cn\/es\/producto\/top-loader-shantui-loader-sl60w-dealer\/\" aria-describedby=\"woocommerce_loop_add_to_cart_link_describedby_240\" data-quantity=\"1\" class=\"button product_type_simple\" data-product_id=\"240\" data-product_sku=\"\" aria-label=\"Leer m\u00e1s sobre \u201cTop loader Shantui loader SL60W dealer\u201d\" rel=\"nofollow\" data-success_message=\"\" data-no-translation=\"\" data-trp-gettext=\"\" data-no-translation-aria-label=\"\">Lee mas<\/a>\t<span id=\"woocommerce_loop_add_to_cart_link_describedby_240\" class=\"screen-reader-text\">\n\t\t\t<\/span>\n<\/li>\n<li class=\"product type-product post-238 status-publish instock product_cat-loader has-post-thumbnail shipping-taxable product-type-simple\">\n\t<a href=\"https:\/\/okunt.cn\/es\/producto\/sl50wn-shantui-loader-machine\/\" class=\"woocommerce-LoopProduct-link woocommerce-loop-product__link\"><img decoding=\"async\" width=\"300\" height=\"400\" src=\"https:\/\/okunt.cn\/wp-content\/uploads\/2022\/06\/Loader_SL50WN-300x400.jpg\" class=\"attachment-woocommerce_thumbnail size-woocommerce_thumbnail\" alt=\"SHANTUI Loader SL50WN Exporter\" srcset=\"https:\/\/okunt.cn\/wp-content\/uploads\/2022\/06\/Loader_SL50WN-300x400.jpg 300w, https:\/\/okunt.cn\/wp-content\/uploads\/2022\/06\/Loader_SL50WN-10x12.jpg 10w\" sizes=\"(max-width: 300px) 100vw, 300px\" title=\"\"><h2 class=\"woocommerce-loop-product__title\">M\u00e1quina cargadora SL50WN SHANTUI<\/h2>\n<\/a><a href=\"https:\/\/okunt.cn\/es\/producto\/sl50wn-shantui-loader-machine\/\" aria-describedby=\"woocommerce_loop_add_to_cart_link_describedby_238\" data-quantity=\"1\" class=\"button product_type_simple\" data-product_id=\"238\" data-product_sku=\"\" aria-label=\"Leer m\u00e1s sobre \u201cSL50WN SHANTUI loader machine\u201d\" rel=\"nofollow\" data-success_message=\"\" data-no-translation=\"\" data-trp-gettext=\"\" data-no-translation-aria-label=\"\">Lee mas<\/a>\t<span id=\"woocommerce_loop_add_to_cart_link_describedby_238\" class=\"screen-reader-text\">\n\t\t\t<\/span>\n<\/li>\n<li class=\"product type-product post-236 status-publish last instock product_cat-loader has-post-thumbnail shipping-taxable product-type-simple\">\n\t<a href=\"https:\/\/okunt.cn\/es\/producto\/sl30wn-shantui-loader-for-sale\/\" class=\"woocommerce-LoopProduct-link woocommerce-loop-product__link\"><img decoding=\"async\" width=\"300\" height=\"400\" src=\"https:\/\/okunt.cn\/wp-content\/uploads\/2022\/06\/Loader_SL30WN-300x400.jpg\" class=\"attachment-woocommerce_thumbnail size-woocommerce_thumbnail\" alt=\"SHANTUI Loader SL30WN Companies\" srcset=\"https:\/\/okunt.cn\/wp-content\/uploads\/2022\/06\/Loader_SL30WN-300x400.jpg 300w, https:\/\/okunt.cn\/wp-content\/uploads\/2022\/06\/Loader_SL30WN-10x12.jpg 10w\" sizes=\"(max-width: 300px) 100vw, 300px\" title=\"\"><h2 class=\"woocommerce-loop-product__title\">Venta de cargadora SL30WN SHANTUI<\/h2>\n<\/a><a href=\"https:\/\/okunt.cn\/es\/producto\/sl30wn-shantui-loader-for-sale\/\" aria-describedby=\"woocommerce_loop_add_to_cart_link_describedby_236\" data-quantity=\"1\" class=\"button product_type_simple\" data-product_id=\"236\" data-product_sku=\"\" aria-label=\"Leer m\u00e1s sobre \u201cSL30WN SHANTUI loader for sale\u201d\" rel=\"nofollow\" data-success_message=\"\" data-no-translation=\"\" data-trp-gettext=\"\" data-no-translation-aria-label=\"\">Lee mas<\/a>\t<span id=\"woocommerce_loop_add_to_cart_link_describedby_236\" class=\"screen-reader-text\">\n\t\t\t<\/span>\n<\/li>\n<\/ul>\n<\/div>\t\t\t\t<\/div>\n\t\t\t\t<\/div>\n\t\t\t\t<div class=\"elementor-element elementor-element-ad66797 elementor-widget elementor-widget-image\" data-id=\"ad66797\" data-element_type=\"widget\" data-e-type=\"widget\" data-widget_type=\"image.default\">\n\t\t\t\t<div class=\"elementor-widget-container\">\n\t\t\t\t\t\t\t\t\t\t\t\t\t\t\t<img loading=\"lazy\" decoding=\"async\" width=\"600\" height=\"600\" src=\"https:\/\/okunt.cn\/wp-content\/uploads\/2023\/02\/ML955-Wheel-Loader.jpg\" class=\"attachment-large size-large wp-image-3008\" alt=\"\" srcset=\"https:\/\/okunt.cn\/wp-content\/uploads\/2023\/02\/ML955-Wheel-Loader.jpg 600w, https:\/\/okunt.cn\/wp-content\/uploads\/2023\/02\/ML955-Wheel-Loader-300x300.jpg 300w, https:\/\/okunt.cn\/wp-content\/uploads\/2023\/02\/ML955-Wheel-Loader-150x150.jpg 150w, https:\/\/okunt.cn\/wp-content\/uploads\/2023\/02\/ML955-Wheel-Loader-12x12.jpg.webp 12w, https:\/\/okunt.cn\/wp-content\/uploads\/2023\/02\/ML955-Wheel-Loader-400x400.jpg 400w, https:\/\/okunt.cn\/wp-content\/uploads\/2023\/02\/ML955-Wheel-Loader-100x100.jpg.webp 100w\" sizes=\"(max-width: 600px) 100vw, 600px\" title=\"\">\t\t\t\t\t\t\t\t\t\t\t\t\t\t\t<\/div>\n\t\t\t\t<\/div>\n\t\t\t\t<div class=\"elementor-element elementor-element-5f671c8 elementor-widget elementor-widget-heading\" data-id=\"5f671c8\" data-element_type=\"widget\" data-e-type=\"widget\" data-widget_type=\"heading.default\">\n\t\t\t\t<div class=\"elementor-widget-container\">\n\t\t\t\t\t<h2 class=\"elementor-heading-title elementor-size-default\">8 maneras inesperadas en que el cargador de ruedas Shantui puede mejorar su vida.<\/h2>\t\t\t\t<\/div>\n\t\t\t\t<\/div>\n\t\t\t\t<div class=\"elementor-element elementor-element-539a896 elementor-widget elementor-widget-text-editor\" data-id=\"539a896\" data-element_type=\"widget\" data-e-type=\"widget\" data-widget_type=\"text-editor.default\">\n\t\t\t\t<div class=\"elementor-widget-container\">\n\t\t\t\t\t\t\t\t\t<p>Hay muchas maneras en que Shantui Wheel Loader puede mejorar su vida. Aqu\u00ed hay 8 formas en las que quiz\u00e1s no hayas pensado:<br \/><br \/>1. Pueden ayudarlo a mover cargas pesadas alrededor de su hogar o local comercial, ahorr\u00e1ndole tiempo y esfuerzo.<br \/><br \/>2. Se pueden usar para quitar la nieve de las entradas de veh\u00edculos y caminos, lo que hace que el invierno sea un poco m\u00e1s f\u00e1cil de soportar.<br \/><br \/>3. Se pueden usar para cavar zanjas para proyectos de paisajismo, haciendo que una tarea potencialmente ardua sea un trabajo liviano.<br \/><br \/>4. Si tiene mucha basura que desechar, una cargadora de ruedas puede hacer un trabajo r\u00e1pido, ahorr\u00e1ndole horas de trabajo agotador.<br \/><br \/>5. Se pueden utilizar para nivelar terrenos, nivelando terrenos irregulares listos para la construcci\u00f3n u otros fines.<br \/><br \/>6. Los cargadores de ruedas Shantui son m\u00e1quinas resistentes y duraderas que resistir\u00e1n a\u00f1os de uso con un mantenimiento m\u00ednimo requerido.<br \/><br \/>7. Son muy vers\u00e1tiles y pueden equiparse con una variedad de accesorios para adaptarse a diferentes tareas, como horquillas para levantar paletas o baldes para recoger material.<br \/><br \/>8. Son relativamente f\u00e1ciles de operar, incluso si no tiene experiencia previa, por lo que cualquiera puede dominarlos con un poco de pr\u00e1ctica.<\/p>\t\t\t\t\t\t\t\t<\/div>\n\t\t\t\t<\/div>\n\t\t\t\t<div class=\"elementor-element elementor-element-aee5868 elementor-grid-3 elementor-grid-tablet-3 elementor-grid-mobile-2 elementor-products-grid elementor-wc-products elementor-widget elementor-widget-woocommerce-products\" data-id=\"aee5868\" data-element_type=\"widget\" data-e-type=\"widget\" data-widget_type=\"woocommerce-products.default\">\n\t\t\t\t<div class=\"elementor-widget-container\">\n\t\t\t\t\t<div class=\"woocommerce columns-3\"><ul class=\"products elementor-grid columns-3\" data-products=\"type-1\">\n<li class=\"product type-product post-240 status-publish first instock product_cat-loader has-post-thumbnail shipping-taxable product-type-simple\">\n\t<a href=\"https:\/\/okunt.cn\/es\/producto\/top-loader-shantui-loader-sl60w-dealer\/\" class=\"woocommerce-LoopProduct-link woocommerce-loop-product__link\"><img fetchpriority=\"high\" decoding=\"async\" width=\"300\" height=\"400\" src=\"https:\/\/okunt.cn\/wp-content\/uploads\/2022\/06\/Loader_SL60W-2-300x400.jpg\" class=\"attachment-woocommerce_thumbnail size-woocommerce_thumbnail\" alt=\"SHANTUI Loader SL60W Supplier\" srcset=\"https:\/\/okunt.cn\/wp-content\/uploads\/2022\/06\/Loader_SL60W-2-300x400.jpg 300w, https:\/\/okunt.cn\/wp-content\/uploads\/2022\/06\/Loader_SL60W-2-10x12.jpg 10w\" sizes=\"(max-width: 300px) 100vw, 300px\" title=\"\"><h2 class=\"woocommerce-loop-product__title\">Concesionario Shantui loader SL60W de cargador superior<\/h2>\n<\/a><a href=\"https:\/\/okunt.cn\/es\/producto\/top-loader-shantui-loader-sl60w-dealer\/\" aria-describedby=\"woocommerce_loop_add_to_cart_link_describedby_240\" data-quantity=\"1\" class=\"button product_type_simple\" data-product_id=\"240\" data-product_sku=\"\" aria-label=\"Leer m\u00e1s sobre \u201cTop loader Shantui loader SL60W dealer\u201d\" rel=\"nofollow\" data-success_message=\"\" data-no-translation=\"\" data-trp-gettext=\"\" data-no-translation-aria-label=\"\">Lee mas<\/a>\t<span id=\"woocommerce_loop_add_to_cart_link_describedby_240\" class=\"screen-reader-text\">\n\t\t\t<\/span>\n<\/li>\n<li class=\"product type-product post-238 status-publish instock product_cat-loader has-post-thumbnail shipping-taxable product-type-simple\">\n\t<a href=\"https:\/\/okunt.cn\/es\/producto\/sl50wn-shantui-loader-machine\/\" class=\"woocommerce-LoopProduct-link woocommerce-loop-product__link\"><img decoding=\"async\" width=\"300\" height=\"400\" src=\"https:\/\/okunt.cn\/wp-content\/uploads\/2022\/06\/Loader_SL50WN-300x400.jpg\" class=\"attachment-woocommerce_thumbnail size-woocommerce_thumbnail\" alt=\"SHANTUI Loader SL50WN Exporter\" srcset=\"https:\/\/okunt.cn\/wp-content\/uploads\/2022\/06\/Loader_SL50WN-300x400.jpg 300w, https:\/\/okunt.cn\/wp-content\/uploads\/2022\/06\/Loader_SL50WN-10x12.jpg 10w\" sizes=\"(max-width: 300px) 100vw, 300px\" title=\"\"><h2 class=\"woocommerce-loop-product__title\">M\u00e1quina cargadora SL50WN SHANTUI<\/h2>\n<\/a><a href=\"https:\/\/okunt.cn\/es\/producto\/sl50wn-shantui-loader-machine\/\" aria-describedby=\"woocommerce_loop_add_to_cart_link_describedby_238\" data-quantity=\"1\" class=\"button product_type_simple\" data-product_id=\"238\" data-product_sku=\"\" aria-label=\"Leer m\u00e1s sobre \u201cSL50WN SHANTUI loader machine\u201d\" rel=\"nofollow\" data-success_message=\"\" data-no-translation=\"\" data-trp-gettext=\"\" data-no-translation-aria-label=\"\">Lee mas<\/a>\t<span id=\"woocommerce_loop_add_to_cart_link_describedby_238\" class=\"screen-reader-text\">\n\t\t\t<\/span>\n<\/li>\n<li class=\"product type-product post-236 status-publish last instock product_cat-loader has-post-thumbnail shipping-taxable product-type-simple\">\n\t<a href=\"https:\/\/okunt.cn\/es\/producto\/sl30wn-shantui-loader-for-sale\/\" class=\"woocommerce-LoopProduct-link woocommerce-loop-product__link\"><img decoding=\"async\" width=\"300\" height=\"400\" src=\"https:\/\/okunt.cn\/wp-content\/uploads\/2022\/06\/Loader_SL30WN-300x400.jpg\" class=\"attachment-woocommerce_thumbnail size-woocommerce_thumbnail\" alt=\"SHANTUI Loader SL30WN Companies\" srcset=\"https:\/\/okunt.cn\/wp-content\/uploads\/2022\/06\/Loader_SL30WN-300x400.jpg 300w, https:\/\/okunt.cn\/wp-content\/uploads\/2022\/06\/Loader_SL30WN-10x12.jpg 10w\" sizes=\"(max-width: 300px) 100vw, 300px\" title=\"\"><h2 class=\"woocommerce-loop-product__title\">Venta de cargadora SL30WN SHANTUI<\/h2>\n<\/a><a href=\"https:\/\/okunt.cn\/es\/producto\/sl30wn-shantui-loader-for-sale\/\" aria-describedby=\"woocommerce_loop_add_to_cart_link_describedby_236\" data-quantity=\"1\" class=\"button product_type_simple\" data-product_id=\"236\" data-product_sku=\"\" aria-label=\"Leer m\u00e1s sobre \u201cSL30WN SHANTUI loader for sale\u201d\" rel=\"nofollow\" data-success_message=\"\" data-no-translation=\"\" data-trp-gettext=\"\" data-no-translation-aria-label=\"\">Lee mas<\/a>\t<span id=\"woocommerce_loop_add_to_cart_link_describedby_236\" class=\"screen-reader-text\">\n\t\t\t<\/span>\n<\/li>\n<\/ul>\n<\/div>\t\t\t\t<\/div>\n\t\t\t\t<\/div>\n\t\t\t\t\t<\/div>\n\t\t<\/div>\n\t\t\t\t\t<\/div>\n\t\t<\/section>\n\t\t\t\t<\/div>","protected":false},"excerpt":{"rendered":"<p>Five Gigantic Influences Of Shantui Wheel Loader. Shantui Wheel Loader&nbsp;is one of the most popular and well-known brands of construction equipment in China. Its products are widely used in various construction projects across the country. The company has a long history and its products are known for their quality and durability.The Shantui Wheel Loader brand [&hellip;]<\/p>\n","protected":false},"author":1,"featured_media":0,"parent":0,"menu_order":0,"comment_status":"closed","ping_status":"closed","template":"","meta":{"_eb_attr":"","footnotes":""},"class_list":["post-2997","page","type-page","status-publish","hentry"],"blocksy_meta":{"styles_descriptor":{"styles":{"desktop":"","tablet":"","mobile":""},"google_fonts":[],"version":6}},"_links":{"self":[{"href":"https:\/\/okunt.cn\/es\/wp-json\/wp\/v2\/pages\/2997","targetHints":{"allow":["GET"]}}],"collection":[{"href":"https:\/\/okunt.cn\/es\/wp-json\/wp\/v2\/pages"}],"about":[{"href":"https:\/\/okunt.cn\/es\/wp-json\/wp\/v2\/types\/page"}],"author":[{"embeddable":true,"href":"https:\/\/okunt.cn\/es\/wp-json\/wp\/v2\/users\/1"}],"replies":[{"embeddable":true,"href":"https:\/\/okunt.cn\/es\/wp-json\/wp\/v2\/comments?post=2997"}],"version-history":[{"count":0,"href":"https:\/\/okunt.cn\/es\/wp-json\/wp\/v2\/pages\/2997\/revisions"}],"wp:attachment":[{"href":"https:\/\/okunt.cn\/es\/wp-json\/wp\/v2\/media?parent=2997"}],"curies":[{"name":"wp","href":"https:\/\/api.w.org\/{rel}","templated":true}]}}