{"id":3013,"date":"2023-02-14T07:45:58","date_gmt":"2023-02-14T07:45:58","guid":{"rendered":"https:\/\/okunt.cn\/?page_id=3013"},"modified":"2023-02-16T01:48:42","modified_gmt":"2023-02-16T01:48:42","slug":"shantui-motor-grader","status":"publish","type":"page","link":"https:\/\/okunt.cn\/es\/shantui-motor-grader\/","title":{"rendered":"motoniveladora shantui"},"content":{"rendered":"<div data-elementor-type=\"wp-page\" data-elementor-id=\"3013\" class=\"elementor elementor-3013\" data-elementor-post-type=\"page\">\n\t\t\t\t\t\t<section data-particle_enable=\"false\" data-particle-mobile-disabled=\"false\" class=\"elementor-section elementor-top-section elementor-element elementor-element-d7025a7 elementor-section-boxed elementor-section-height-default elementor-section-height-default\" data-id=\"d7025a7\" data-element_type=\"section\" data-e-type=\"section\">\n\t\t\t\t\t\t<div class=\"elementor-container elementor-column-gap-default\">\n\t\t\t\t\t<div class=\"elementor-column elementor-col-100 elementor-top-column elementor-element elementor-element-3a22ce4\" data-id=\"3a22ce4\" data-element_type=\"column\" data-e-type=\"column\">\n\t\t\t<div class=\"elementor-widget-wrap elementor-element-populated\">\n\t\t\t\t\t\t<div class=\"elementor-element elementor-element-cad7651 elementor-widget elementor-widget-heading\" data-id=\"cad7651\" data-element_type=\"widget\" data-e-type=\"widget\" data-widget_type=\"heading.default\">\n\t\t\t\t<div class=\"elementor-widget-container\">\n\t\t\t\t\t<h1 class=\"elementor-heading-title elementor-size-default\">Motoniveladora Shantui <\/h1>\t\t\t\t<\/div>\n\t\t\t\t<\/div>\n\t\t\t\t<div class=\"elementor-element elementor-element-be11134 elementor-widget elementor-widget-text-editor\" data-id=\"be11134\" data-element_type=\"widget\" data-e-type=\"widget\" data-widget_type=\"text-editor.default\">\n\t\t\t\t<div class=\"elementor-widget-container\">\n\t\t\t\t\t\t\t\t\t<p><a style=\"background-color: var(--palettecolor7); font-size: inherit; font-family: var(--fontFamily); font-style: var(--fontStyle, inherit); font-weight: var(--fontWeight); letter-spacing: var(--letterSpacing); text-transform: var(--textTransform);\" href=\"https:\/\/fr.wiktionary.org\/wiki\/niveleuse\" target=\"_blank\" rel=\"noopener\">Motoniveladora Shantui<\/a>\u00a0Hay una serie de razones por las que alguien podr\u00eda querer comprar una motoniveladora Shantui. Algunos de los beneficios de tener una de estas m\u00e1quinas incluyen:<\/p><p>-Son m\u00e1quinas potentes y eficientes que pueden manejar una variedad de tareas.<br \/>-Tienen una cabina bien dise\u00f1ada que ofrece un viaje c\u00f3modo para el operador.<br \/>-Est\u00e1n respaldados por una empresa con una buena reputaci\u00f3n en productos de calidad y servicio al cliente.<\/p><p>Sin embargo, tambi\u00e9n hay algunos inconvenientes a tener en cuenta antes de realizar una compra:<\/p><p>-Las motoniveladoras Shantui pueden ser costosas, por lo que es posible que no sean la mejor opci\u00f3n para todos.<br \/>-Algunos modelos pueden no estar disponibles en todas las \u00e1reas.<br \/>-Es importante hacer su investigaci\u00f3n para asegurarse de que est\u00e1 obteniendo el modelo correcto para sus necesidades.<\/p>\t\t\t\t\t\t\t\t<\/div>\n\t\t\t\t<\/div>\n\t\t\t\t<div class=\"elementor-element elementor-element-6b3681e elementor-grid-2 elementor-grid-tablet-3 elementor-grid-mobile-2 elementor-products-grid elementor-wc-products elementor-widget elementor-widget-woocommerce-products\" data-id=\"6b3681e\" data-element_type=\"widget\" data-e-type=\"widget\" data-widget_type=\"woocommerce-products.default\">\n\t\t\t\t<div class=\"elementor-widget-container\">\n\t\t\t\t\t<div class=\"woocommerce columns-2\"><ul class=\"products elementor-grid columns-2\" data-products=\"type-1\">\n<li class=\"product type-product post-247 status-publish first instock product_cat-motor-grader has-post-thumbnail shipping-taxable product-type-simple\">\n\t<a href=\"https:\/\/okunt.cn\/es\/producto\/sg21-3\/\" class=\"woocommerce-LoopProduct-link woocommerce-loop-product__link\"><img fetchpriority=\"high\" decoding=\"async\" width=\"300\" height=\"400\" src=\"https:\/\/okunt.cn\/wp-content\/uploads\/2022\/06\/Motor-Grader_SG21-3-300x400.jpg\" class=\"attachment-woocommerce_thumbnail size-woocommerce_thumbnail\" alt=\"Powerful SHANTUI Motor Grader SG21-3\" srcset=\"https:\/\/okunt.cn\/wp-content\/uploads\/2022\/06\/Motor-Grader_SG21-3-300x400.jpg 300w, https:\/\/okunt.cn\/wp-content\/uploads\/2022\/06\/Motor-Grader_SG21-3-10x12.jpg 10w\" sizes=\"(max-width: 300px) 100vw, 300px\" title=\"\"><h2 class=\"woocommerce-loop-product__title\">Potente motoniveladora SHANTUI SG21-3<\/h2>\n<\/a><a href=\"https:\/\/okunt.cn\/es\/producto\/sg21-3\/\" aria-describedby=\"woocommerce_loop_add_to_cart_link_describedby_247\" data-quantity=\"1\" class=\"button product_type_simple\" data-product_id=\"247\" data-product_sku=\"\" aria-label=\"Leer m\u00e1s sobre \u201cPowerful SHANTUI Motor Grader SG21-3\u201d\" rel=\"nofollow\" data-success_message=\"\" data-no-translation=\"\" data-trp-gettext=\"\" data-no-translation-aria-label=\"\">Lee mas<\/a>\t<span id=\"woocommerce_loop_add_to_cart_link_describedby_247\" class=\"screen-reader-text\">\n\t\t\t<\/span>\n<\/li>\n<li class=\"product type-product post-246 status-publish last instock product_cat-motor-grader has-post-thumbnail shipping-taxable product-type-simple\">\n\t<a href=\"https:\/\/okunt.cn\/es\/producto\/sg18-3\/\" class=\"woocommerce-LoopProduct-link woocommerce-loop-product__link\"><img decoding=\"async\" width=\"300\" height=\"400\" src=\"https:\/\/okunt.cn\/wp-content\/uploads\/2022\/06\/Motor-Grader_SG18-3-300x400.jpg\" class=\"attachment-woocommerce_thumbnail size-woocommerce_thumbnail\" alt=\"SHANTUI Motor Grader SG18-3\" srcset=\"https:\/\/okunt.cn\/wp-content\/uploads\/2022\/06\/Motor-Grader_SG18-3-300x400.jpg 300w, https:\/\/okunt.cn\/wp-content\/uploads\/2022\/06\/Motor-Grader_SG18-3-10x12.jpg 10w\" sizes=\"(max-width: 300px) 100vw, 300px\" title=\"\"><h2 class=\"woocommerce-loop-product__title\">MEJOR Motoniveladora SHANTUI SG18-3<\/h2>\n<\/a><a href=\"https:\/\/okunt.cn\/es\/producto\/sg18-3\/\" aria-describedby=\"woocommerce_loop_add_to_cart_link_describedby_246\" data-quantity=\"1\" class=\"button product_type_simple\" data-product_id=\"246\" data-product_sku=\"\" aria-label=\"Leer m\u00e1s sobre \u201cBEST SHANTUI Motor Grader SG18-3\u201d\" rel=\"nofollow\" data-success_message=\"\" data-no-translation=\"\" data-trp-gettext=\"\" data-no-translation-aria-label=\"\">Lee mas<\/a>\t<span id=\"woocommerce_loop_add_to_cart_link_describedby_246\" class=\"screen-reader-text\">\n\t\t\t<\/span>\n<\/li>\n<\/ul>\n<\/div>\t\t\t\t<\/div>\n\t\t\t\t<\/div>\n\t\t\t\t\t<\/div>\n\t\t<\/div>\n\t\t\t\t\t<\/div>\n\t\t<\/section>\n\t\t\t\t<section data-particle_enable=\"false\" data-particle-mobile-disabled=\"false\" class=\"elementor-section elementor-top-section elementor-element elementor-element-f620f61 elementor-section-boxed elementor-section-height-default elementor-section-height-default\" data-id=\"f620f61\" data-element_type=\"section\" data-e-type=\"section\">\n\t\t\t\t\t\t<div class=\"elementor-container elementor-column-gap-default\">\n\t\t\t\t\t<div class=\"elementor-column elementor-col-100 elementor-top-column elementor-element elementor-element-a99075c\" data-id=\"a99075c\" data-element_type=\"column\" data-e-type=\"column\">\n\t\t\t<div class=\"elementor-widget-wrap\">\n\t\t\t\t\t\t\t<\/div>\n\t\t<\/div>\n\t\t\t\t\t<\/div>\n\t\t<\/section>\n\t\t\t\t<section data-particle_enable=\"false\" data-particle-mobile-disabled=\"false\" class=\"elementor-section elementor-top-section elementor-element elementor-element-56ae5e1 elementor-section-boxed elementor-section-height-default elementor-section-height-default\" data-id=\"56ae5e1\" data-element_type=\"section\" data-e-type=\"section\">\n\t\t\t\t\t\t<div class=\"elementor-container elementor-column-gap-default\">\n\t\t\t\t\t<div class=\"elementor-column elementor-col-100 elementor-top-column elementor-element elementor-element-d0db117\" data-id=\"d0db117\" data-element_type=\"column\" data-e-type=\"column\">\n\t\t\t<div class=\"elementor-widget-wrap elementor-element-populated\">\n\t\t\t\t\t\t<div class=\"elementor-element elementor-element-08ec6aa elementor-widget elementor-widget-heading\" data-id=\"08ec6aa\" data-element_type=\"widget\" data-e-type=\"widget\" data-widget_type=\"heading.default\">\n\t\t\t\t<div class=\"elementor-widget-container\">\n\t\t\t\t\t<h2 class=\"elementor-heading-title elementor-size-default\">Elimine sus miedos y dudas sobre la motoniveladora Shantui.<\/h2>\t\t\t\t<\/div>\n\t\t\t\t<\/div>\n\t\t\t\t<div class=\"elementor-element elementor-element-d254dab elementor-widget elementor-widget-text-editor\" data-id=\"d254dab\" data-element_type=\"widget\" data-e-type=\"widget\" data-widget_type=\"text-editor.default\">\n\t\t\t\t<div class=\"elementor-widget-container\">\n\t\t\t\t\t\t\t\t\t<p>Una motoniveladora es una m\u00e1quina de construcci\u00f3n que se utiliza para crear una superficie nivelada nivelando o nivelando el terreno. Las motoniveladoras tambi\u00e9n est\u00e1n equipadas con una cuchilla en la parte delantera que se puede usar para diversas tareas, como limpiar escombros, cortar el c\u00e9sped, etc. A continuaci\u00f3n se presentan cinco beneficios de usar una motoniveladora Shantui que pueden cambiar su perspectiva.<\/p><p>El primer beneficio es que una motoniveladora Shantui puede ahorrarle tiempo. Por ejemplo, si est\u00e1 limpiando un terreno que est\u00e1 cubierto de \u00e1rboles y maleza, le llevar\u00eda mucho m\u00e1s tiempo hacerlo con mano de obra. Sin embargo, con una motoniveladora, simplemente puede colocar una hoja en la parte delantera de la m\u00e1quina y despejar el terreno en una fracci\u00f3n del tiempo.<\/p><p>El segundo beneficio es que una motoniveladora puede ahorrarle dinero. Si tuviera que contratar a alguien para calificar manualmente su tierra, le costar\u00eda un salario por hora por su trabajo. Por el contrario, una vez que haya comprado o alquilado una motoniveladora, solo le costar\u00e1 combustible y mantenimiento.<\/p><p>El tercer beneficio es que una motoniveladora puede ayudarlo a lograr resultados precisos. Cuando se nivela la tierra a mano, es dif\u00edcil lograr resultados perfectamente nivelados. Sin embargo, debido a que las motoniveladoras est\u00e1n equipadas con sistemas de nivelaci\u00f3n guiados por l\u00e1ser, pueden ayudarlo a crear un acabado m\u00e1s preciso y profesional.<\/p>\t\t\t\t\t\t\t\t<\/div>\n\t\t\t\t<\/div>\n\t\t\t\t<div class=\"elementor-element elementor-element-34cfb90 elementor-grid-2 elementor-grid-tablet-3 elementor-grid-mobile-2 elementor-products-grid elementor-wc-products elementor-widget elementor-widget-woocommerce-products\" data-id=\"34cfb90\" data-element_type=\"widget\" data-e-type=\"widget\" data-widget_type=\"woocommerce-products.default\">\n\t\t\t\t<div class=\"elementor-widget-container\">\n\t\t\t\t\t<div class=\"woocommerce columns-2\"><ul class=\"products elementor-grid columns-2\" data-products=\"type-1\">\n<li class=\"product type-product post-247 status-publish first instock product_cat-motor-grader has-post-thumbnail shipping-taxable product-type-simple\">\n\t<a href=\"https:\/\/okunt.cn\/es\/producto\/sg21-3\/\" class=\"woocommerce-LoopProduct-link woocommerce-loop-product__link\"><img fetchpriority=\"high\" decoding=\"async\" width=\"300\" height=\"400\" src=\"https:\/\/okunt.cn\/wp-content\/uploads\/2022\/06\/Motor-Grader_SG21-3-300x400.jpg\" class=\"attachment-woocommerce_thumbnail size-woocommerce_thumbnail\" alt=\"Powerful SHANTUI Motor Grader SG21-3\" srcset=\"https:\/\/okunt.cn\/wp-content\/uploads\/2022\/06\/Motor-Grader_SG21-3-300x400.jpg 300w, https:\/\/okunt.cn\/wp-content\/uploads\/2022\/06\/Motor-Grader_SG21-3-10x12.jpg 10w\" sizes=\"(max-width: 300px) 100vw, 300px\" title=\"\"><h2 class=\"woocommerce-loop-product__title\">Potente motoniveladora SHANTUI SG21-3<\/h2>\n<\/a><a href=\"https:\/\/okunt.cn\/es\/producto\/sg21-3\/\" aria-describedby=\"woocommerce_loop_add_to_cart_link_describedby_247\" data-quantity=\"1\" class=\"button product_type_simple\" data-product_id=\"247\" data-product_sku=\"\" aria-label=\"Leer m\u00e1s sobre \u201cPowerful SHANTUI Motor Grader SG21-3\u201d\" rel=\"nofollow\" data-success_message=\"\" data-no-translation=\"\" data-trp-gettext=\"\" data-no-translation-aria-label=\"\">Lee mas<\/a>\t<span id=\"woocommerce_loop_add_to_cart_link_describedby_247\" class=\"screen-reader-text\">\n\t\t\t<\/span>\n<\/li>\n<li class=\"product type-product post-246 status-publish last instock product_cat-motor-grader has-post-thumbnail shipping-taxable product-type-simple\">\n\t<a href=\"https:\/\/okunt.cn\/es\/producto\/sg18-3\/\" class=\"woocommerce-LoopProduct-link woocommerce-loop-product__link\"><img decoding=\"async\" width=\"300\" height=\"400\" src=\"https:\/\/okunt.cn\/wp-content\/uploads\/2022\/06\/Motor-Grader_SG18-3-300x400.jpg\" class=\"attachment-woocommerce_thumbnail size-woocommerce_thumbnail\" alt=\"SHANTUI Motor Grader SG18-3\" srcset=\"https:\/\/okunt.cn\/wp-content\/uploads\/2022\/06\/Motor-Grader_SG18-3-300x400.jpg 300w, https:\/\/okunt.cn\/wp-content\/uploads\/2022\/06\/Motor-Grader_SG18-3-10x12.jpg 10w\" sizes=\"(max-width: 300px) 100vw, 300px\" title=\"\"><h2 class=\"woocommerce-loop-product__title\">MEJOR Motoniveladora SHANTUI SG18-3<\/h2>\n<\/a><a href=\"https:\/\/okunt.cn\/es\/producto\/sg18-3\/\" aria-describedby=\"woocommerce_loop_add_to_cart_link_describedby_246\" data-quantity=\"1\" class=\"button product_type_simple\" data-product_id=\"246\" data-product_sku=\"\" aria-label=\"Leer m\u00e1s sobre \u201cBEST SHANTUI Motor Grader SG18-3\u201d\" rel=\"nofollow\" data-success_message=\"\" data-no-translation=\"\" data-trp-gettext=\"\" data-no-translation-aria-label=\"\">Lee mas<\/a>\t<span id=\"woocommerce_loop_add_to_cart_link_describedby_246\" class=\"screen-reader-text\">\n\t\t\t<\/span>\n<\/li>\n<\/ul>\n<\/div>\t\t\t\t<\/div>\n\t\t\t\t<\/div>\n\t\t\t\t\t<\/div>\n\t\t<\/div>\n\t\t\t\t\t<\/div>\n\t\t<\/section>\n\t\t\t\t<\/div>","protected":false},"excerpt":{"rendered":"<p>Shantui motor grader Shantui motor grader\u00a0There are a number of reasons why someone might want to purchase a Shantui motor grader. Some of the benefits of owning one of these machines include: -They are powerful and efficient machines that can handle a variety of tasks.-They have a well-designed cab that offers a comfortable ride for [&hellip;]<\/p>\n","protected":false},"author":1,"featured_media":0,"parent":0,"menu_order":0,"comment_status":"closed","ping_status":"closed","template":"","meta":{"_eb_attr":"","footnotes":""},"class_list":["post-3013","page","type-page","status-publish","hentry"],"blocksy_meta":{"styles_descriptor":{"styles":{"desktop":"","tablet":"","mobile":""},"google_fonts":[],"version":6}},"_links":{"self":[{"href":"https:\/\/okunt.cn\/es\/wp-json\/wp\/v2\/pages\/3013","targetHints":{"allow":["GET"]}}],"collection":[{"href":"https:\/\/okunt.cn\/es\/wp-json\/wp\/v2\/pages"}],"about":[{"href":"https:\/\/okunt.cn\/es\/wp-json\/wp\/v2\/types\/page"}],"author":[{"embeddable":true,"href":"https:\/\/okunt.cn\/es\/wp-json\/wp\/v2\/users\/1"}],"replies":[{"embeddable":true,"href":"https:\/\/okunt.cn\/es\/wp-json\/wp\/v2\/comments?post=3013"}],"version-history":[{"count":0,"href":"https:\/\/okunt.cn\/es\/wp-json\/wp\/v2\/pages\/3013\/revisions"}],"wp:attachment":[{"href":"https:\/\/okunt.cn\/es\/wp-json\/wp\/v2\/media?parent=3013"}],"curies":[{"name":"wp","href":"https:\/\/api.w.org\/{rel}","templated":true}]}}