{"id":3508,"date":"2023-04-22T01:43:31","date_gmt":"2023-04-22T01:43:31","guid":{"rendered":"https:\/\/okunt.cn\/?page_id=3508"},"modified":"2023-04-22T01:43:36","modified_gmt":"2023-04-22T01:43:36","slug":"bulldozer-supplier","status":"publish","type":"page","link":"https:\/\/okunt.cn\/es\/bulldozer-supplier\/","title":{"rendered":"proveedor de excavadoras"},"content":{"rendered":"<div data-elementor-type=\"wp-page\" data-elementor-id=\"3508\" class=\"elementor elementor-3508\" data-elementor-post-type=\"page\">\n\t\t\t\t\t\t<section data-particle_enable=\"false\" data-particle-mobile-disabled=\"false\" class=\"elementor-section elementor-top-section elementor-element elementor-element-3689897 ct-section-stretched elementor-section-height-min-height elementor-section-boxed elementor-section-height-default elementor-section-items-middle\" data-id=\"3689897\" data-element_type=\"section\" data-e-type=\"section\" data-settings=\"{&quot;background_background&quot;:&quot;classic&quot;}\">\n\t\t\t\t\t\t\t<div class=\"elementor-background-overlay\"><\/div>\n\t\t\t\t\t\t\t<div class=\"elementor-container elementor-column-gap-default\">\n\t\t\t\t\t<div class=\"elementor-column elementor-col-100 elementor-top-column elementor-element elementor-element-53aa0ed0\" data-id=\"53aa0ed0\" data-element_type=\"column\" data-e-type=\"column\">\n\t\t\t<div class=\"elementor-widget-wrap elementor-element-populated\">\n\t\t\t\t\t\t<div class=\"elementor-element elementor-element-1a62ec45 elementor-widget elementor-widget-heading\" data-id=\"1a62ec45\" data-element_type=\"widget\" data-e-type=\"widget\" data-widget_type=\"heading.default\">\n\t\t\t\t<div class=\"elementor-widget-container\">\n\t\t\t\t\t<h2 class=\"elementor-heading-title elementor-size-default\">proveedor de excavadoras<\/h2>\t\t\t\t<\/div>\n\t\t\t\t<\/div>\n\t\t\t\t<div class=\"elementor-element elementor-element-33ea8ed3 elementor-widget elementor-widget-text-editor\" data-id=\"33ea8ed3\" data-element_type=\"widget\" data-e-type=\"widget\" data-widget_type=\"text-editor.default\">\n\t\t\t\t<div class=\"elementor-widget-container\">\n\t\t\t\t\t\t\t\t\t<p>Si est\u00e1 en el negocio de la construcci\u00f3n, encontrar un proveedor confiable <a href=\"https:\/\/en.wikipedia.org\/wiki\/Bulldozer\" target=\"_blank\" rel=\"noopener\">excavadora<\/a> proveedor puede hacer toda la diferencia. Estas poderosas m\u00e1quinas son cruciales para cualquier proyecto que requiera movimiento de tierra y excavaci\u00f3n a gran escala, y tener acceso a equipos de alta calidad es esencial para garantizar operaciones sin problemas y la finalizaci\u00f3n oportuna de los proyectos. Un buen proveedor de excavadoras debe ofrecer una amplia selecci\u00f3n de modelos de primer nivel con varias caracter\u00edsticas y capacidades para adaptarse a diferentes necesidades y presupuestos. Tambi\u00e9n deben brindar un excelente servicio al cliente, incluido el asesoramiento de expertos sobre la selecci\u00f3n de m\u00e1quinas, consejos de mantenimiento, opciones de financiamiento y soporte posventa, como programas de capacitaci\u00f3n o servicios de reemplazo de piezas. Adem\u00e1s, un proveedor confiable de bulldozers debe priorizar la seguridad proporcionando equipos bien mantenidos que cumplan con los est\u00e1ndares y regulaciones de la industria. Con el proveedor de excavadoras adecuado a su lado, puede abordar cualquier trabajo con confianza sabiendo que tiene maquinaria confiable a su disposici\u00f3n.<\/p>\t\t\t\t\t\t\t\t<\/div>\n\t\t\t\t<\/div>\n\t\t\t\t\t<\/div>\n\t\t<\/div>\n\t\t\t\t\t<\/div>\n\t\t<\/section>\n\t\t\t\t<section data-particle_enable=\"false\" data-particle-mobile-disabled=\"false\" class=\"elementor-section elementor-top-section elementor-element elementor-element-3b2bf78 elementor-section-boxed elementor-section-height-default elementor-section-height-default\" data-id=\"3b2bf78\" data-element_type=\"section\" data-e-type=\"section\">\n\t\t\t\t\t\t<div class=\"elementor-container elementor-column-gap-default\">\n\t\t\t\t\t<div class=\"elementor-column elementor-col-50 elementor-top-column elementor-element elementor-element-41de2ed\" data-id=\"41de2ed\" data-element_type=\"column\" data-e-type=\"column\">\n\t\t\t<div class=\"elementor-widget-wrap elementor-element-populated\">\n\t\t\t\t\t\t<div class=\"elementor-element elementor-element-dbdb59f elementor-grid-4 elementor-grid-tablet-3 elementor-grid-mobile-2 elementor-products-grid elementor-wc-products elementor-widget elementor-widget-woocommerce-products\" data-id=\"dbdb59f\" data-element_type=\"widget\" data-e-type=\"widget\" data-widget_type=\"woocommerce-products.default\">\n\t\t\t\t<div class=\"elementor-widget-container\">\n\t\t\t\t\t<div class=\"woocommerce columns-4\"><ul class=\"products elementor-grid columns-4\" data-products=\"type-1\">\n<li class=\"product type-product post-198 status-publish first instock product_cat-bulldozer has-post-thumbnail shipping-taxable product-type-simple\">\n\t<a href=\"https:\/\/okunt.cn\/es\/producto\/shantui-bulldozer-for-sale-sd32\/\" class=\"woocommerce-LoopProduct-link woocommerce-loop-product__link\"><img fetchpriority=\"high\" decoding=\"async\" width=\"300\" height=\"400\" src=\"https:\/\/okunt.cn\/wp-content\/uploads\/2022\/06\/Bulldozer_SD32-300x400.jpg\" class=\"attachment-woocommerce_thumbnail size-woocommerce_thumbnail\" alt=\"SHANTUI Bulldozer SD32 Supplier\" srcset=\"https:\/\/okunt.cn\/wp-content\/uploads\/2022\/06\/Bulldozer_SD32-300x400.jpg 300w, https:\/\/okunt.cn\/wp-content\/uploads\/2022\/06\/Bulldozer_SD32-10x12.jpg 10w\" sizes=\"(max-width: 300px) 100vw, 300px\" title=\"\"><h2 class=\"woocommerce-loop-product__title\">Bulldozer Shantui a la venta SD32<\/h2>\n<\/a><a href=\"https:\/\/okunt.cn\/es\/producto\/shantui-bulldozer-for-sale-sd32\/\" aria-describedby=\"woocommerce_loop_add_to_cart_link_describedby_198\" data-quantity=\"1\" class=\"button product_type_simple\" data-product_id=\"198\" data-product_sku=\"\" aria-label=\"Leer m\u00e1s sobre \u201cShantui bulldozer for sale SD32\u201d\" rel=\"nofollow\" data-success_message=\"\" data-no-translation=\"\" data-trp-gettext=\"\" data-no-translation-aria-label=\"\">Lee mas<\/a>\t<span id=\"woocommerce_loop_add_to_cart_link_describedby_198\" class=\"screen-reader-text\">\n\t\t\t<\/span>\n<\/li>\n<li class=\"product type-product post-183 status-publish instock product_cat-bulldozer has-post-thumbnail shipping-taxable product-type-simple\">\n\t<a href=\"https:\/\/okunt.cn\/es\/producto\/shantui-bulldozer-price-22f-best-price\/\" class=\"woocommerce-LoopProduct-link woocommerce-loop-product__link\"><img decoding=\"async\" width=\"300\" height=\"400\" src=\"https:\/\/okunt.cn\/wp-content\/uploads\/2022\/06\/Bulldozer_22F\u4e3b\u56fe-300x400.jpg\" class=\"attachment-woocommerce_thumbnail size-woocommerce_thumbnail\" alt=\"SHANTUI Bulldozer 22F Supplier\" srcset=\"https:\/\/okunt.cn\/wp-content\/uploads\/2022\/06\/Bulldozer_22F\u4e3b\u56fe-300x400.jpg 300w, https:\/\/okunt.cn\/wp-content\/uploads\/2022\/06\/Bulldozer_22F\u4e3b\u56fe-10x12.jpg 10w\" sizes=\"(max-width: 300px) 100vw, 300px\" title=\"\"><h2 class=\"woocommerce-loop-product__title\">Precio de excavadora Shantui 22F mejor precio<\/h2>\n<\/a><a href=\"https:\/\/okunt.cn\/es\/producto\/shantui-bulldozer-price-22f-best-price\/\" aria-describedby=\"woocommerce_loop_add_to_cart_link_describedby_183\" data-quantity=\"1\" class=\"button product_type_simple\" data-product_id=\"183\" data-product_sku=\"\" aria-label=\"Leer m\u00e1s sobre \u201cShantui bulldozer price 22F best price\u201d\" rel=\"nofollow\" data-success_message=\"\" data-no-translation=\"\" data-trp-gettext=\"\" data-no-translation-aria-label=\"\">Lee mas<\/a>\t<span id=\"woocommerce_loop_add_to_cart_link_describedby_183\" class=\"screen-reader-text\">\n\t\t\t<\/span>\n<\/li>\n<li class=\"product type-product post-181 status-publish instock product_cat-bulldozer has-post-thumbnail shipping-taxable product-type-simple\">\n\t<a href=\"https:\/\/okunt.cn\/es\/producto\/d80-d85-shantui-bulldozer-supplier\/\" class=\"woocommerce-LoopProduct-link woocommerce-loop-product__link\"><img decoding=\"async\" width=\"300\" height=\"400\" src=\"https:\/\/okunt.cn\/wp-content\/uploads\/2022\/06\/Bulldozer_SD22-1-300x400.jpg\" class=\"attachment-woocommerce_thumbnail size-woocommerce_thumbnail\" alt=\"bulldozer uses\" srcset=\"https:\/\/okunt.cn\/wp-content\/uploads\/2022\/06\/Bulldozer_SD22-1-300x400.jpg 300w, https:\/\/okunt.cn\/wp-content\/uploads\/2022\/06\/Bulldozer_SD22-1-10x12.jpg 10w\" sizes=\"(max-width: 300px) 100vw, 300px\" title=\"\"><h2 class=\"woocommerce-loop-product__title\">Proveedor de excavadora Shantui D80.D85<\/h2>\n<\/a><a href=\"https:\/\/okunt.cn\/es\/producto\/d80-d85-shantui-bulldozer-supplier\/\" aria-describedby=\"woocommerce_loop_add_to_cart_link_describedby_181\" data-quantity=\"1\" class=\"button product_type_simple\" data-product_id=\"181\" data-product_sku=\"\" aria-label=\"Leer m\u00e1s sobre \u201cD80.D85 Shantui Bulldozer Supplier\u201d\" rel=\"nofollow\" data-success_message=\"\" data-no-translation=\"\" data-trp-gettext=\"\" data-no-translation-aria-label=\"\">Lee mas<\/a>\t<span id=\"woocommerce_loop_add_to_cart_link_describedby_181\" class=\"screen-reader-text\">\n\t\t\t<\/span>\n<\/li>\n<li class=\"product type-product post-175 status-publish last instock product_cat-bulldozer has-post-thumbnail shipping-taxable product-type-simple\">\n\t<a href=\"https:\/\/okunt.cn\/es\/producto\/shantui-bulldozer-type-sd16tf\/\" class=\"woocommerce-LoopProduct-link woocommerce-loop-product__link\"><img loading=\"lazy\" decoding=\"async\" width=\"300\" height=\"400\" src=\"https:\/\/okunt.cn\/wp-content\/uploads\/2022\/06\/Bulldozer_SD16TF-2-300x400.jpg\" class=\"attachment-woocommerce_thumbnail size-woocommerce_thumbnail\" alt=\"SHANTUI Bulldozer SD16TF Wholesalers\" srcset=\"https:\/\/okunt.cn\/wp-content\/uploads\/2022\/06\/Bulldozer_SD16TF-2-300x400.jpg 300w, https:\/\/okunt.cn\/wp-content\/uploads\/2022\/06\/Bulldozer_SD16TF-2-10x12.jpg 10w\" sizes=\"(max-width: 300px) 100vw, 300px\" title=\"\"><h2 class=\"woocommerce-loop-product__title\">Bulldozer Shantui tipo SD16TF<\/h2>\n<\/a><a href=\"https:\/\/okunt.cn\/es\/producto\/shantui-bulldozer-type-sd16tf\/\" aria-describedby=\"woocommerce_loop_add_to_cart_link_describedby_175\" data-quantity=\"1\" class=\"button product_type_simple\" data-product_id=\"175\" data-product_sku=\"\" aria-label=\"Leer m\u00e1s sobre \u201cShantui bulldozer type SD16TF\u201d\" rel=\"nofollow\" data-success_message=\"\" data-no-translation=\"\" data-trp-gettext=\"\" data-no-translation-aria-label=\"\">Lee mas<\/a>\t<span id=\"woocommerce_loop_add_to_cart_link_describedby_175\" class=\"screen-reader-text\">\n\t\t\t<\/span>\n<\/li>\n<li class=\"product type-product post-173 status-publish first instock product_cat-bulldozer has-post-thumbnail shipping-taxable product-type-simple\">\n\t<a href=\"https:\/\/okunt.cn\/es\/producto\/best-sd16-shantui-bulldozer-for-sale\/\" class=\"woocommerce-LoopProduct-link woocommerce-loop-product__link\"><img loading=\"lazy\" decoding=\"async\" width=\"300\" height=\"400\" src=\"https:\/\/okunt.cn\/wp-content\/uploads\/2022\/06\/Bulldozer_SD16-Bulldozer-300x400.jpg\" class=\"attachment-woocommerce_thumbnail size-woocommerce_thumbnail\" alt=\"bulldozer\" srcset=\"https:\/\/okunt.cn\/wp-content\/uploads\/2022\/06\/Bulldozer_SD16-Bulldozer-300x400.jpg 300w, https:\/\/okunt.cn\/wp-content\/uploads\/2022\/06\/Bulldozer_SD16-Bulldozer-10x12.jpg 10w\" sizes=\"(max-width: 300px) 100vw, 300px\" title=\"\"><h2 class=\"woocommerce-loop-product__title\">La mejor excavadora Shantui SD16 a la venta<\/h2>\n<\/a><a href=\"https:\/\/okunt.cn\/es\/producto\/best-sd16-shantui-bulldozer-for-sale\/\" aria-describedby=\"woocommerce_loop_add_to_cart_link_describedby_173\" data-quantity=\"1\" class=\"button product_type_simple\" data-product_id=\"173\" data-product_sku=\"\" aria-label=\"Leer m\u00e1s sobre \u201cBest SD16 Shantui bulldozer for sale\u201d\" rel=\"nofollow\" data-success_message=\"\" data-no-translation=\"\" data-trp-gettext=\"\" data-no-translation-aria-label=\"\">Lee mas<\/a>\t<span id=\"woocommerce_loop_add_to_cart_link_describedby_173\" class=\"screen-reader-text\">\n\t\t\t<\/span>\n<\/li>\n<li class=\"product type-product post-171 status-publish instock product_cat-bulldozer has-post-thumbnail shipping-taxable product-type-simple\">\n\t<a href=\"https:\/\/okunt.cn\/es\/producto\/shantui-small-bulldozer-sd13\/\" class=\"woocommerce-LoopProduct-link woocommerce-loop-product__link\"><img loading=\"lazy\" decoding=\"async\" width=\"300\" height=\"400\" src=\"https:\/\/okunt.cn\/wp-content\/uploads\/2022\/06\/Bulldozer_SHANTUI-SD13-Bulldozer-300x400.jpg\" class=\"attachment-woocommerce_thumbnail size-woocommerce_thumbnail\" alt=\"Komatsu D80.D85 bulldozer weigh\" srcset=\"https:\/\/okunt.cn\/wp-content\/uploads\/2022\/06\/Bulldozer_SHANTUI-SD13-Bulldozer-300x400.jpg 300w, https:\/\/okunt.cn\/wp-content\/uploads\/2022\/06\/Bulldozer_SHANTUI-SD13-Bulldozer-10x12.jpg 10w\" sizes=\"(max-width: 300px) 100vw, 300px\" title=\"\"><h2 class=\"woocommerce-loop-product__title\">Excavadora peque\u00f1a Shantui SD13<\/h2>\n<\/a><a href=\"https:\/\/okunt.cn\/es\/producto\/shantui-small-bulldozer-sd13\/\" aria-describedby=\"woocommerce_loop_add_to_cart_link_describedby_171\" data-quantity=\"1\" class=\"button product_type_simple\" data-product_id=\"171\" data-product_sku=\"\" aria-label=\"Leer m\u00e1s sobre \u201cShantui Small Bulldozer SD13\u201d\" rel=\"nofollow\" data-success_message=\"\" data-no-translation=\"\" data-trp-gettext=\"\" data-no-translation-aria-label=\"\">Lee mas<\/a>\t<span id=\"woocommerce_loop_add_to_cart_link_describedby_171\" class=\"screen-reader-text\">\n\t\t\t<\/span>\n<\/li>\n<\/ul>\n<\/div>\t\t\t\t<\/div>\n\t\t\t\t<\/div>\n\t\t\t\t\t<\/div>\n\t\t<\/div>\n\t\t\t\t<div class=\"elementor-column elementor-col-50 elementor-top-column elementor-element elementor-element-d8bfce4\" data-id=\"d8bfce4\" data-element_type=\"column\" data-e-type=\"column\">\n\t\t\t<div class=\"elementor-widget-wrap elementor-element-populated\">\n\t\t\t\t\t\t<div class=\"elementor-element elementor-element-2fa1088 elementor-widget elementor-widget-wp-widget-nav_menu\" data-id=\"2fa1088\" data-element_type=\"widget\" data-e-type=\"widget\" data-widget_type=\"wp-widget-nav_menu.default\">\n\t\t\t\t<div class=\"elementor-widget-container\">\n\t\t\t\t\t<h5>proveedor de excavadoras<\/h5><div class=\"menu-%e4%ba%a7%e5%93%81-container\"><ul id=\"menu-%e4%ba%a7%e5%93%81\" class=\"widget-menu\"><li id=\"menu-item-3079\" class=\"menu-item menu-item-type-post_type_archive menu-item-object-product menu-item-3079\"><a href=\"https:\/\/okunt.cn\/es\/shop\/\">Todos los productos<\/a><\/li>\n<li id=\"menu-item-3080\" class=\"menu-item menu-item-type-post_type menu-item-object-product menu-item-3080\"><a href=\"https:\/\/okunt.cn\/es\/producto\/se215\/\">La mejor marca de excavadoras SHANTUI Excavator SE215<\/a><\/li>\n<li id=\"menu-item-3081\" class=\"menu-item menu-item-type-post_type menu-item-object-product menu-item-3081\"><a href=\"https:\/\/okunt.cn\/es\/producto\/se220\/\">La mejor excavadora SHANTUI Excavator SE220<\/a><\/li>\n<li id=\"menu-item-3082\" class=\"menu-item menu-item-type-post_type menu-item-object-product menu-item-3082\"><a href=\"https:\/\/okunt.cn\/es\/producto\/se60\/\">La mejor miniexcavadora SHANTUI Excavator SE60<\/a><\/li>\n<li id=\"menu-item-3083\" class=\"menu-item menu-item-type-post_type menu-item-object-product menu-item-3083\"><a href=\"https:\/\/okunt.cn\/es\/producto\/sr20\/\">El mejor rodillo compactador SR20<\/a><\/li>\n<li id=\"menu-item-3084\" class=\"menu-item menu-item-type-post_type menu-item-object-product menu-item-3084\"><a href=\"https:\/\/okunt.cn\/es\/producto\/best-sd16-shantui-bulldozer-for-sale\/\">La mejor excavadora Shantui SD16 a la venta<\/a><\/li>\n<li id=\"menu-item-3085\" class=\"menu-item menu-item-type-post_type menu-item-object-product menu-item-3085\"><a href=\"https:\/\/okunt.cn\/es\/producto\/se135\/\">Excavadora superventas SHANTUI Excavator SE135<\/a><\/li>\n<li id=\"menu-item-3086\" class=\"menu-item menu-item-type-post_type menu-item-object-product menu-item-3086\"><a href=\"https:\/\/okunt.cn\/es\/producto\/sem660d-2\/\">Las mejores cargadoras de ruedas SEM 6t SEM660D para empresas madereras forestales<\/a><\/li>\n<li id=\"menu-item-3087\" class=\"menu-item menu-item-type-post_type menu-item-object-product menu-item-3087\"><a href=\"https:\/\/okunt.cn\/es\/producto\/sem-motor-grader-919\/\">Mejor motoniveladora SEM-919<\/a><\/li>\n<li id=\"menu-item-3088\" class=\"menu-item menu-item-type-post_type menu-item-object-product menu-item-3088\"><a href=\"https:\/\/okunt.cn\/es\/producto\/sem-motor-grader-921\/\">Mejor motoniveladora SEM-921<\/a><\/li>\n<li id=\"menu-item-3089\" class=\"menu-item menu-item-type-post_type menu-item-object-product menu-item-3089\"><a href=\"https:\/\/okunt.cn\/es\/producto\/sg18-3\/\">MEJOR Motoniveladora SHANTUI SG18-3<\/a><\/li>\n<li id=\"menu-item-3090\" class=\"menu-item menu-item-type-post_type menu-item-object-product menu-item-3090\"><a href=\"https:\/\/okunt.cn\/es\/producto\/sr12-5\/\">Mejor Rodillo compactador SHANTUI SR12-5<\/a><\/li>\n<li id=\"menu-item-3091\" class=\"menu-item menu-item-type-post_type menu-item-object-product menu-item-3091\"><a href=\"https:\/\/okunt.cn\/es\/producto\/sr12p-5\/\">Mejor Rodillo compactador SHANTUI SR12P-5<\/a><\/li>\n<li id=\"menu-item-3092\" class=\"menu-item menu-item-type-post_type menu-item-object-product menu-item-3092\"><a href=\"https:\/\/okunt.cn\/es\/producto\/sr14\/\">Mejor Rodillo compactador SHANTUI SR14<\/a><\/li>\n<li id=\"menu-item-3093\" class=\"menu-item menu-item-type-post_type menu-item-object-product menu-item-3093\"><a href=\"https:\/\/okunt.cn\/es\/producto\/sr14ma\/\">Mejor Rodillo compactador SHANTUI SR14MA<\/a><\/li>\n<li id=\"menu-item-3094\" class=\"menu-item menu-item-type-post_type menu-item-object-product menu-item-3094\"><a href=\"https:\/\/okunt.cn\/es\/producto\/sr16\/\">Mejor Rodillo compactador SHANTUI SR16<\/a><\/li>\n<li id=\"menu-item-3095\" class=\"menu-item menu-item-type-post_type menu-item-object-product menu-item-3095\"><a href=\"https:\/\/okunt.cn\/es\/producto\/sr18\/\">Mejor Rodillo compactador SHANTUI SR18<\/a><\/li>\n<li id=\"menu-item-3096\" class=\"menu-item menu-item-type-post_type menu-item-object-product menu-item-3096\"><a href=\"https:\/\/okunt.cn\/es\/producto\/best-shantui-road-roller-sr20ma-in-usa\/\">BEST SHANTUI Road Roller SR20MA en EE. UU.<\/a><\/li>\n<li id=\"menu-item-3097\" class=\"menu-item menu-item-type-post_type menu-item-object-product menu-item-3097\"><a href=\"https:\/\/okunt.cn\/es\/producto\/se245\/\">China excavadora SHANTUI Excavadora SE245LC<\/a><\/li>\n<li id=\"menu-item-3098\" class=\"menu-item menu-item-type-post_type menu-item-object-product menu-item-3098\"><a href=\"https:\/\/okunt.cn\/es\/producto\/crawler-tractor-sem816d-company\/\">Tractor de orugas SEM816D empresa<\/a><\/li>\n<li id=\"menu-item-3099\" class=\"menu-item menu-item-type-post_type menu-item-object-product menu-item-3099\"><a href=\"https:\/\/okunt.cn\/es\/producto\/d80-d85-shantui-bulldozer-supplier\/\">Proveedor de excavadora Shantui D80.D85<\/a><\/li>\n<li id=\"menu-item-3100\" class=\"menu-item menu-item-type-post_type menu-item-object-product menu-item-3100\"><a href=\"https:\/\/okunt.cn\/es\/producto\/sem510\/\">Rodillo compactador potente SEM510-1<\/a><\/li>\n<li id=\"menu-item-3101\" class=\"menu-item menu-item-type-post_type menu-item-object-product menu-item-3101\"><a href=\"https:\/\/okunt.cn\/es\/producto\/sg21-3\/\">Potente motoniveladora SHANTUI SG21-3<\/a><\/li>\n<li id=\"menu-item-3102\" class=\"menu-item menu-item-type-post_type menu-item-object-product menu-item-3102\"><a href=\"https:\/\/okunt.cn\/es\/producto\/sr10-road-roller\/\">Potente rodillo compactador SHANTUI SR10<\/a><\/li>\n<li id=\"menu-item-3103\" class=\"menu-item menu-item-type-post_type menu-item-object-product menu-item-3103\"><a href=\"https:\/\/okunt.cn\/es\/producto\/powerful-shantui-road-roller-sr20ma\/\">Potente rodillo compactador SHANTUI SR20MA<\/a><\/li>\n<li id=\"menu-item-3104\" class=\"menu-item menu-item-type-post_type menu-item-object-product menu-item-3104\"><a href=\"https:\/\/okunt.cn\/es\/producto\/powerful-shantui-road-roller-sr26m-3\/\">Potente rodillo compactador SHANTUI SR26M-3<\/a><\/li>\n<li id=\"menu-item-3105\" class=\"menu-item menu-item-type-post_type menu-item-object-product menu-item-3105\"><a href=\"https:\/\/okunt.cn\/es\/producto\/sem655d\/\">Cargadoras de ruedas SEM 5t 655D<\/a><\/li>\n<li id=\"menu-item-3106\" class=\"menu-item menu-item-type-post_type menu-item-object-product menu-item-3106\"><a href=\"https:\/\/okunt.cn\/es\/producto\/655d\/\">Cargadores de ruedas SEM 5t SEM655D<\/a><\/li>\n<li id=\"menu-item-3107\" class=\"menu-item menu-item-type-post_type menu-item-object-product menu-item-3107\"><a href=\"https:\/\/okunt.cn\/es\/producto\/sem636d\/\">Cargadora de ruedas compacta SEM 636D case<\/a><\/li>\n<li id=\"menu-item-3108\" class=\"menu-item menu-item-type-post_type menu-item-object-product menu-item-3108\"><a href=\"https:\/\/okunt.cn\/es\/producto\/sem660d\/\">Cargadoras de ruedas SEM 6t SEM660D para empresa maderera forestal<\/a><\/li>\n<li id=\"menu-item-3109\" class=\"menu-item menu-item-type-post_type menu-item-object-product menu-item-3109\"><a href=\"https:\/\/okunt.cn\/es\/producto\/sem-big-loader-630b-company\/\">SEM gran cargadora 630B empresa<\/a><\/li>\n<li id=\"menu-item-3110\" class=\"menu-item menu-item-type-post_type menu-item-object-product menu-item-3110\"><a href=\"https:\/\/okunt.cn\/es\/producto\/sem-loader-machine-656d\/\">M\u00e1quina cargadora SEM 656D<\/a><\/li>\n<li id=\"menu-item-3111\" class=\"menu-item menu-item-type-post_type menu-item-object-product menu-item-3111\"><a href=\"https:\/\/okunt.cn\/es\/producto\/sem-512\/\">Rodillo compactador SEM 512-1 Potente<\/a><\/li>\n<li id=\"menu-item-3112\" class=\"menu-item menu-item-type-post_type menu-item-object-product menu-item-3112\"><a href=\"https:\/\/okunt.cn\/es\/producto\/sem518\/\">Rodillo compactador SEM 518-1 Potente<\/a><\/li>\n<li id=\"menu-item-3113\" class=\"menu-item menu-item-type-post_type menu-item-object-product menu-item-3113\"><a href=\"https:\/\/okunt.cn\/es\/producto\/shantui-bulldozer-for-sale-sd32\/\">Bulldozer Shantui a la venta SD32<\/a><\/li>\n<li id=\"menu-item-3114\" class=\"menu-item menu-item-type-post_type menu-item-object-product menu-item-3114\"><a href=\"https:\/\/okunt.cn\/es\/producto\/shantui-bulldozer-price-22f-best-price\/\">Precio de excavadora Shantui 22F mejor precio<\/a><\/li>\n<li id=\"menu-item-3115\" class=\"menu-item menu-item-type-post_type menu-item-object-product menu-item-3115\"><a href=\"https:\/\/okunt.cn\/es\/producto\/shantui-bulldozer-type-sd16tf\/\">Bulldozer Shantui tipo SD16TF<\/a><\/li>\n<li id=\"menu-item-3116\" class=\"menu-item menu-item-type-post_type menu-item-object-product menu-item-3116\"><a href=\"https:\/\/okunt.cn\/es\/producto\/shantui-small-bulldozer-sd13\/\">Excavadora peque\u00f1a Shantui SD13<\/a><\/li>\n<li id=\"menu-item-3117\" class=\"menu-item menu-item-type-post_type menu-item-object-product menu-item-3117\"><a href=\"https:\/\/okunt.cn\/es\/producto\/sl30wn-shantui-loader-for-sale\/\">Venta de cargadora SL30WN SHANTUI<\/a><\/li>\n<li id=\"menu-item-3118\" class=\"menu-item menu-item-type-post_type menu-item-object-product menu-item-3118\"><a href=\"https:\/\/okunt.cn\/es\/producto\/sl50wn-shantui-loader-machine\/\">M\u00e1quina cargadora SL50WN SHANTUI<\/a><\/li>\n<li id=\"menu-item-3119\" class=\"menu-item menu-item-type-post_type menu-item-object-product menu-item-3119\"><a href=\"https:\/\/okunt.cn\/es\/producto\/top-loader-shantui-loader-sl60w-dealer\/\">Concesionario Shantui loader SL60W de cargador superior<\/a><\/li>\n<li id=\"menu-item-3120\" class=\"menu-item menu-item-type-post_type menu-item-object-product menu-item-3120\"><a href=\"https:\/\/okunt.cn\/es\/producto\/track-type-tractor-sem822d-exporter\/\">Tractor de orugas SEM822D Exportador<\/a><\/li>\n<li id=\"menu-item-3121\" class=\"menu-item menu-item-type-post_type menu-item-object-product menu-item-3121\"><a href=\"https:\/\/okunt.cn\/es\/producto\/wheel-loader-for-sale-with-electric-drive-sem-658f\/\">cargadora de ruedas a la venta con accionamiento el\u00e9ctrico SEM-658F<\/a><\/li>\n<\/ul><\/div>\t\t\t\t<\/div>\n\t\t\t\t<\/div>\n\t\t\t\t\t<\/div>\n\t\t<\/div>\n\t\t\t\t\t<\/div>\n\t\t<\/section>\n\t\t\t\t<\/div>","protected":false},"excerpt":{"rendered":"<p>bulldozer supplier If you&#8217;re in the construction business, finding a reliable bulldozer supplier can make all the difference. These mighty machines are crucial to any project that requires large-scale earthmoving and excavation, and having access to high-quality equipment is essential for ensuring smooth operations and timely completion of projects. A good bulldozer supplier should offer [&hellip;]<\/p>\n","protected":false},"author":1,"featured_media":0,"parent":0,"menu_order":0,"comment_status":"closed","ping_status":"closed","template":"","meta":{"_eb_attr":"","footnotes":""},"class_list":["post-3508","page","type-page","status-publish","hentry"],"blocksy_meta":{"styles_descriptor":{"styles":{"desktop":"","tablet":"","mobile":""},"google_fonts":[],"version":6}},"_links":{"self":[{"href":"https:\/\/okunt.cn\/es\/wp-json\/wp\/v2\/pages\/3508","targetHints":{"allow":["GET"]}}],"collection":[{"href":"https:\/\/okunt.cn\/es\/wp-json\/wp\/v2\/pages"}],"about":[{"href":"https:\/\/okunt.cn\/es\/wp-json\/wp\/v2\/types\/page"}],"author":[{"embeddable":true,"href":"https:\/\/okunt.cn\/es\/wp-json\/wp\/v2\/users\/1"}],"replies":[{"embeddable":true,"href":"https:\/\/okunt.cn\/es\/wp-json\/wp\/v2\/comments?post=3508"}],"version-history":[{"count":0,"href":"https:\/\/okunt.cn\/es\/wp-json\/wp\/v2\/pages\/3508\/revisions"}],"wp:attachment":[{"href":"https:\/\/okunt.cn\/es\/wp-json\/wp\/v2\/media?parent=3508"}],"curies":[{"name":"wp","href":"https:\/\/api.w.org\/{rel}","templated":true}]}}