{"id":500,"date":"2022-06-20T02:25:25","date_gmt":"2022-06-20T02:25:25","guid":{"rendered":"https:\/\/okunt.cn\/?page_id=500"},"modified":"2022-06-23T02:55:34","modified_gmt":"2022-06-23T02:55:34","slug":"%ef%bf%bc","status":"publish","type":"page","link":"https:\/\/okunt.cn\/es\/%ef%bf%bc\/","title":{"rendered":"tipo de producto"},"content":{"rendered":"<div data-elementor-type=\"wp-page\" data-elementor-id=\"500\" class=\"elementor elementor-500\" data-elementor-post-type=\"page\">\n\t\t\t\t\t\t<section data-particle_enable=\"false\" data-particle-mobile-disabled=\"false\" class=\"elementor-section elementor-top-section elementor-element elementor-element-d507571 ct-section-stretched elementor-section-height-min-height elementor-section-boxed elementor-section-height-default elementor-section-items-middle\" data-id=\"d507571\" data-element_type=\"section\" data-e-type=\"section\" data-settings=\"{&quot;background_background&quot;:&quot;classic&quot;}\">\n\t\t\t\t\t\t\t<div class=\"elementor-background-overlay\"><\/div>\n\t\t\t\t\t\t\t<div class=\"elementor-container elementor-column-gap-default\">\n\t\t\t\t\t<div class=\"elementor-column elementor-col-100 elementor-top-column elementor-element elementor-element-f94b0d8\" data-id=\"f94b0d8\" data-element_type=\"column\" data-e-type=\"column\">\n\t\t\t<div class=\"elementor-widget-wrap\">\n\t\t\t\t\t\t\t<\/div>\n\t\t<\/div>\n\t\t\t\t\t<\/div>\n\t\t<\/section>\n\t\t\t\t<section data-particle_enable=\"false\" data-particle-mobile-disabled=\"false\" class=\"elementor-section elementor-top-section elementor-element elementor-element-8f2b168 elementor-section-boxed elementor-section-height-default elementor-section-height-default\" data-id=\"8f2b168\" data-element_type=\"section\" data-e-type=\"section\">\n\t\t\t\t\t\t<div class=\"elementor-container elementor-column-gap-default\">\n\t\t\t\t\t<div class=\"elementor-column elementor-col-100 elementor-top-column elementor-element elementor-element-412184d\" data-id=\"412184d\" data-element_type=\"column\" data-e-type=\"column\">\n\t\t\t<div class=\"elementor-widget-wrap elementor-element-populated\">\n\t\t\t\t\t\t<div class=\"elementor-element elementor-element-2277111 elementor-widget elementor-widget-heading\" data-id=\"2277111\" data-element_type=\"widget\" data-e-type=\"widget\" data-widget_type=\"heading.default\">\n\t\t\t\t<div class=\"elementor-widget-container\">\n\t\t\t\t\t<h2 class=\"elementor-heading-title elementor-size-default\">tipo de producto panda<\/h2>\t\t\t\t<\/div>\n\t\t\t\t<\/div>\n\t\t\t\t<div class=\"elementor-element elementor-element-beb97e4 elementor-widget elementor-widget-text-editor\" data-id=\"beb97e4\" data-element_type=\"widget\" data-e-type=\"widget\" data-widget_type=\"text-editor.default\">\n\t\t\t\t<div class=\"elementor-widget-container\">\n\t\t\t\t\t\t\t\t\t<p>Los productos cubren bulldozer, excavadoras, cargadores, maquinaria de rodillos de camino, minimaquinaria, maquinaria de elevaci\u00f3n, maquinaria de miner\u00eda, maquinaria de construcci\u00f3n de carreteras, maquinaria de saneamiento, equipo ferroviario, maquinaria de hormig\u00f3n, veh\u00edculos especiales, maquinaria de pilotaje; Camiones de Servicio Pesado.<\/p>\t\t\t\t\t\t\t\t<\/div>\n\t\t\t\t<\/div>\n\t\t\t\t\t<\/div>\n\t\t<\/div>\n\t\t\t\t\t<\/div>\n\t\t<\/section>\n\t\t\t\t<section data-particle_enable=\"false\" data-particle-mobile-disabled=\"false\" class=\"elementor-section elementor-top-section elementor-element elementor-element-c392997 ct-section-stretched elementor-section-full_width elementor-section-height-default elementor-section-height-default\" data-id=\"c392997\" data-element_type=\"section\" data-e-type=\"section\">\n\t\t\t\t\t\t<div class=\"elementor-container elementor-column-gap-default\">\n\t\t\t\t\t<div class=\"elementor-column elementor-col-100 elementor-top-column elementor-element elementor-element-05ee811\" data-id=\"05ee811\" data-element_type=\"column\" data-e-type=\"column\">\n\t\t\t<div class=\"elementor-widget-wrap elementor-element-populated\">\n\t\t\t\t\t\t<div class=\"elementor-element elementor-element-7876638 elementor-widget elementor-widget-ucaddon_content_slider_new\" data-id=\"7876638\" data-element_type=\"widget\" data-e-type=\"widget\" data-widget_type=\"ucaddon_content_slider_new.default\">\n\t\t\t\t<div class=\"elementor-widget-container\">\n\t\t\t\t\t\n<!-- start Content Slider -->\n\t\t<link id='font-awesome-css' href='https:\/\/okunt.cn\/wp-content\/plugins\/unlimited-elements-for-elementor-premium\/assets_libraries\/font-awesome6\/fontawesome-all.min.css' type='text\/css' rel='stylesheet' >\n\t\t<link id='font-awesome-4-shim-css' href='https:\/\/okunt.cn\/wp-content\/plugins\/unlimited-elements-for-elementor-premium\/assets_libraries\/font-awesome6\/fontawesome-v4-shims.min.css' type='text\/css' rel='stylesheet' >\n\t\t<link id='owl-carousel-css' href='https:\/\/okunt.cn\/wp-content\/plugins\/unlimited-elements-for-elementor-premium\/assets_libraries\/owl-carousel-new\/assets\/owl.carousel.css' type='text\/css' rel='stylesheet' >\n\t\t<link id='uc_ac_assets_file_animate_css_77907-css' href='https:\/\/okunt.cn\/wp-content\/uploads\/ac_assets\/uc_content_slider_new\/animate.css' type='text\/css' rel='stylesheet' >\n\n<style>\/* widget: Content Slider *\/\n\n#uc_content_slider_new_elementor_7876638 .uc_fbps_slide\n{\n  position:relative;\n  overflow:hidden;\n  display:flex;\n  \n}\n\n#uc_content_slider_new_elementor_7876638 .owl-carousel .animated   {\n-webkit-animation-duration: 1000ms;\nanimation-duration: 1000ms;\n}\n\n#uc_content_slider_new_elementor_7876638 .uc_fbps_container_image img\n{\n  display:inline-block;\n}\n\n#uc_content_slider_new_elementor_7876638 .uc_fbps_content\n{\n  position:relative;\n}\n\n.uc_fbps_container_title\n{\n  font-size:21px;\n}\n\n#uc_content_slider_new_elementor_7876638 .ue-btn {\n\ttext-decoration:none;\n\ttransition: all 0.5s ease;\n    text-align:center;\n}\n\n#uc_content_slider_new_elementor_7876638 .ue-item-overlay\n{\n  position:absolute;\n  top:0px;\n  left:0px;\n  right:0px;\n  bottom:0px;\n}\n\n#uc_content_slider_new_elementor_7876638 .ue-item-image\n{\n  background-repeat:no-repeat;\n  position:absolute;\n  top:0px;\n  left:0px;\n  right:0px;\n  bottom:0px;\n}\n\n#uc_content_slider_new_elementor_7876638 .owl-dots {\noverflow:hidden;\ntext-align:center;\nposition:relative;\nz-index:2;\n}\n\n#uc_content_slider_new_elementor_7876638 .owl-dot {\nborder-radius:50%;\ndisplay:inline-block;\n}\n\n#uc_content_slider_new_elementor_7876638 .owl-nav .owl-prev{\n    position:absolute;\n    display:inline-block;\n    text-align:center;\n}\n#uc_content_slider_new_elementor_7876638 .owl-nav .owl-next{\n  position:absolute;\n  display:inline-block;\n  text-align:center;\n}\n\n#uc_content_slider_new_elementor_7876638 .owl-nav .disabled\n{\n    display: none;  \n}\n\n\n#uc_content_slider_new_elementor_7876638 .ue-item-icon\n{\n  line-height:1em;\n  display:inline-flex;\n  justify-content:center;\n  align-items:center;\n  \n}\n\n#uc_content_slider_new_elementor_7876638 .ue-item-icon svg\n{\n  height:1em;\n  width:1em;\n}\n\n\t\n\n\n\n\n\n\n\n\n<\/style>\n\n<div class=\"uc_fixed_box_postslider\" id=\"uc_content_slider_new_elementor_7876638\" style=\"direction:ltr;\">\n        <div class=\"uc_fbps_container\">\n            <div id=\"slider-uc_content_slider_new_elementor_7876638\" class=\"owl-carousel\" >\n            \t<div class=\"uc_fbps_slide elementor-repeater-item-21c6356\" >\n  <div style=\"background-image:url(https:\/\/okunt.cn\/wp-content\/uploads\/2022\/06\/c2bee6a9929a40a28e5ac921685414e-1.jpg);\" class=\"ue-item-image\"><\/div>\n  <div class=\"ue-item-overlay\"><\/div>\n \n    \n        <div class=\"uc_fbps_content\">\n                          \n      \t\t        \n                <div class=\"uc_fbps_container_title\">Excavadora<\/div>\n        \n                <div class=\"uc_fbps_container_desc\">En la actualidad, las excavadoras de nuestra empresa se dividen en excavadoras hidr\u00e1ulicas que cubren un rango de 80-942HP. El modelo m\u00e1s vendido Incluyendo 80Hp,110Hp,130Hp,160Hp,180Hp,220Hp,230Hp,320Hp,420Hp. Para cumplir con diferentes condiciones, se ofrecen tipos ampliados, como tipo pantano, tipo extra pantano, tipo humedal, tipo saneamiento, tipo carb\u00f3n; tipo des\u00e9rtico, tipo forestal, tipo de tierras altas, tipo de miner\u00eda de carb\u00f3n y tipo extremadamente fr\u00edo; y tipo U-blade, y se ofrecen aquellos para la protecci\u00f3n del medio ambiente.<\/div>\n        \n                <div class=\"ue-btn-wrap\"><a href=\"https:\/\/okunt.cn\/es\/bulldozer-description\/\" class=\"uc_fbps_cta ue-btn\">Lee mas<\/a><\/div>\n              <\/div>\n        \n    \n        \n    \n    \n \n<\/div>\n<div class=\"uc_fbps_slide elementor-repeater-item-10a5a09\" >\n  <div style=\"background-image:url(https:\/\/okunt.cn\/wp-content\/uploads\/2022\/06\/af8f64f14c1d4d10fe5667cdbcfc045-2.jpg);\" class=\"ue-item-image\"><\/div>\n  <div class=\"ue-item-overlay\"><\/div>\n \n    \n        <div class=\"uc_fbps_content\">\n                          \n      \t\t        \n                <div class=\"uc_fbps_container_title\">Excavador<\/div>\n        \n                <div class=\"uc_fbps_container_desc\">En la actualidad, la excavadora de nuestra empresa puede ofrecer m\u00e1s de 100 productos que cubren un rango de tonelaje de 0,8 a 70 toneladas. martillo de pila, se ofrecen. La serie Cummins B importada tiene gran estabilidad de potencia, alta eficiencia, bajo consumo de aceite, bajo nivel de ruido y emisiones. Tambi\u00e9n tiene una cabina grande, asiento ajustable, aire acondicionado y sistema de control de gu\u00eda avanzado. Las piezas hidr\u00e1ulicas importadas, flujo negativo\/control el\u00e9ctrico y las funciones de confluencia\/difusi\u00f3n de pluma, prioridad de giro hacen que la excavaci\u00f3n sea m\u00e1s eficiente. Viene con un sistema hidr\u00e1ulico KAWASAKI y cilindros de Corea del Sur, y tiene un monitor multifuncional para modos de trabajo y un acelerador de dos v\u00edas, a mano o electr\u00f3nicamente.<\/div>\n        \n                <div class=\"ue-btn-wrap\"><a href=\"https:\/\/okunt.cn\/es\/excavator\/\" class=\"uc_fbps_cta ue-btn\">Lee mas<\/a><\/div>\n              <\/div>\n        \n    \n        \n    \n    \n \n<\/div>\n<div class=\"uc_fbps_slide elementor-repeater-item-ac89c73\" >\n  <div style=\"background-image:url(https:\/\/okunt.cn\/wp-content\/uploads\/2022\/06\/8f10a36d89942e0008ce7dba25a3b5b-2.jpg);\" class=\"ue-item-image\"><\/div>\n  <div class=\"ue-item-overlay\"><\/div>\n \n    \n        <div class=\"uc_fbps_content\">\n                          \n      \t\t        \n                <div class=\"uc_fbps_container_title\">Pala cargadora<\/div>\n        \n                <div class=\"uc_fbps_container_desc\">Ofrecemos cargadoras compactas, peque\u00f1as y medianas para satisfacer las necesidades de cada aplicaci\u00f3n. Adecuadas para una variedad de aplicaciones. Nuestras cargadoras incluyen SHANTUI SEM (Caterpillar), XCMG, LIUGONG, SANY. Nuestro cargador es eficiente y confiable. El cargador proporciona un cuchar\u00f3n de serie de alto rendimiento para aumentar la eficiencia de producci\u00f3n en 10% m\u00e1s, y puede aplicar varias herramientas de trabajo a trav\u00e9s de un dispositivo de cambio r\u00e1pido.<\/div>\n        \n                <div class=\"ue-btn-wrap\"><a href=\"https:\/\/okunt.cn\/es\/wheel-loader-description\/\" class=\"uc_fbps_cta ue-btn\">Lee mas<\/a><\/div>\n              <\/div>\n        \n    \n        \n    \n    \n \n<\/div>\n<div class=\"uc_fbps_slide elementor-repeater-item-f18a749\" >\n  <div style=\"background-image:url(https:\/\/okunt.cn\/wp-content\/uploads\/2022\/06\/d6d048931c1867cac54c0aaae2f65c5-1.jpg);\" class=\"ue-item-image\"><\/div>\n  <div class=\"ue-item-overlay\"><\/div>\n \n    \n        <div class=\"uc_fbps_content\">\n                          \n      \t\t        \n                <div class=\"uc_fbps_container_title\">Motoniveladoras<\/div>\n        \n                <div class=\"uc_fbps_container_desc\">Todos y cada uno de nuestros clientes reciben asistencia personalizada de nuestro equipo de soporte dedicado.<\/div>\n        \n                <div class=\"ue-btn-wrap\"><a href=\"https:\/\/okunt.cn\/es\/motor-graders\/\" class=\"uc_fbps_cta ue-btn\">Lee mas<\/a><\/div>\n              <\/div>\n        \n    \n        \n    \n    \n \n<\/div>\n<div class=\"uc_fbps_slide elementor-repeater-item-2bde7f2\" >\n  <div style=\"background-image:url(https:\/\/okunt.cn\/wp-content\/uploads\/2022\/06\/99670449aeb1162eac6c7f90def7511-4.jpg);\" class=\"ue-item-image\"><\/div>\n  <div class=\"ue-item-overlay\"><\/div>\n \n    \n        <div class=\"uc_fbps_content\">\n                          \n      \t\t        \n                <div class=\"uc_fbps_container_title\">Rodillo de camino<\/div>\n        \n                <div class=\"uc_fbps_container_desc\">Un rodillo compactador, tambi\u00e9n conocido como compactador de suelo, es un tipo de equipo para la construcci\u00f3n de carreteras. Los rodillos compactadores pertenecen a la categor\u00eda de equipos viales en maquinaria de construcci\u00f3n y se utilizan ampliamente en el relleno y la compactaci\u00f3n de proyectos de ingenier\u00eda a gran escala, como carreteras de alta calidad, v\u00edas f\u00e9rreas, pistas de aeropuertos, represas, estadios, etc. capa de pavimento de hormig\u00f3n asf\u00e1ltico. El rodillo compactador es adecuado para diversas operaciones de compactaci\u00f3n por la propia gravedad de la m\u00e1quina, de modo que la capa laminada quedar\u00e1 permanentemente deformada y compactada. Hay dos tipos de rodillos compactadores: tipo rueda de acero y tipo neum\u00e1tico.<\/div>\n        \n                <div class=\"ue-btn-wrap\"><a href=\"https:\/\/okunt.cn\/es\/road-roller\/\" class=\"uc_fbps_cta ue-btn\">Lee mas<\/a><\/div>\n              <\/div>\n        \n    \n        \n    \n    \n \n<\/div>\n\n            <\/div>\n        <\/div>\n    <\/div>\n\n\n<!-- -->\n<!-- end Content Slider -->\t\t\t\t<\/div>\n\t\t\t\t<\/div>\n\t\t\t\t\t<\/div>\n\t\t<\/div>\n\t\t\t\t\t<\/div>\n\t\t<\/section>\n\t\t\t\t<\/div>","protected":false},"excerpt":{"rendered":"<p>panda product type The products cover bulldozer,Excavator ,loader ,Road roller machinery,Mini machinery;Hoisting Machinery,Mining Machinery;Road Building Machinery;Sanitation Machinery ;Railway Equipment;Concrete Machinery;Special vehicles;Piling Machinery; Heavy-Duty Trucks. Bulldozer As present our company bulldozers are divided with the hydraulic bulldozer covering 80-942HP rang. The best selling model Including 80Hp,110Hp,130Hp,160Hp,180Hp,220Hp,230Hp,320Hp,420Hp. In order to meet different conditions ,expanded types are offered,such [&hellip;]<\/p>\n","protected":false},"author":1,"featured_media":0,"parent":0,"menu_order":0,"comment_status":"closed","ping_status":"closed","template":"","meta":{"_eb_attr":"","footnotes":""},"class_list":["post-500","page","type-page","status-publish","hentry"],"blocksy_meta":{"styles_descriptor":{"styles":{"desktop":"","tablet":"","mobile":""},"google_fonts":[],"version":6}},"_links":{"self":[{"href":"https:\/\/okunt.cn\/es\/wp-json\/wp\/v2\/pages\/500","targetHints":{"allow":["GET"]}}],"collection":[{"href":"https:\/\/okunt.cn\/es\/wp-json\/wp\/v2\/pages"}],"about":[{"href":"https:\/\/okunt.cn\/es\/wp-json\/wp\/v2\/types\/page"}],"author":[{"embeddable":true,"href":"https:\/\/okunt.cn\/es\/wp-json\/wp\/v2\/users\/1"}],"replies":[{"embeddable":true,"href":"https:\/\/okunt.cn\/es\/wp-json\/wp\/v2\/comments?post=500"}],"version-history":[{"count":0,"href":"https:\/\/okunt.cn\/es\/wp-json\/wp\/v2\/pages\/500\/revisions"}],"wp:attachment":[{"href":"https:\/\/okunt.cn\/es\/wp-json\/wp\/v2\/media?parent=500"}],"curies":[{"name":"wp","href":"https:\/\/api.w.org\/{rel}","templated":true}]}}