{"id":171,"date":"2022-06-13T09:31:05","date_gmt":"2022-06-13T09:31:05","guid":{"rendered":"https:\/\/okunt.cn\/?post_type=product&#038;p=171"},"modified":"2023-02-20T03:30:26","modified_gmt":"2023-02-20T03:30:26","slug":"shantui-small-bulldozer-sd13","status":"publish","type":"product","link":"https:\/\/okunt.cn\/es\/producto\/shantui-small-bulldozer-sd13\/","title":{"rendered":"Excavadora peque\u00f1a Shantui SD13"},"content":{"rendered":"<div class=\"magic-3\"><span class=\"magic-4\">Shantui Small Bulldozer SD13 ,Detail Information of SD13:<\/span><\/div>\n<div><\/div>\n<div class=\"magic-5\">\n<div class=\"magic-6\">\n<div class=\"magic-7\">\n<div class=\"magic-8\"><span class=\"magic-4\">1.Shantui Small Bulldozer SD13 ,<\/span>The Weichai electronic control, direct injection, turbocharged engine equipped features high torque reserve<\/div>\n<div class=\"magic-8\">Coeficiente, excelente conservaci\u00f3n de energ\u00eda y respeto al medio ambiente, y gran potencia.<\/div>\n<div class=\"magic-8\"><\/div>\n<div class=\"magic-8\">2.Shantui Small Bulldozer SD13 <span class=\"magic-4\">,<\/span>The split transmission and torque converter system, single-turbine three-element torque converter, and AMT full-automatic electronic control transmission feature simple structure and higher reliability.<\/div>\n<div class=\"magic-8\"><\/div>\n<div class=\"magic-8\">3. Los joysticks de control electr\u00f3nico cuentan con operaciones convenientes y flexibles e incorporan la funci\u00f3n de flotaci\u00f3n de la hoja.<\/div>\n<div class=\"magic-8\"><\/div>\n<div class=\"magic-8\" data-spm-anchor-id=\"a2700.details.0.i16.3eaf3e28cPNJPi\">4. El eje motriz h\u00famedo sin mantenimiento completamente hidr\u00e1ulico presenta una respuesta r\u00e1pida, frenado estable y alta seguridad y confiabilidad.<\/div>\n<div data-spm-anchor-id=\"a2700.details.0.i16.3eaf3e28cPNJPi\">\n<table style=\"border-collapse: collapse; width: 615.02pt;\" border=\"0\" width=\"820\" cellspacing=\"0\" cellpadding=\"0\">\n<tbody>\n<tr style=\"height: 41.25pt;\">\n<td class=\"et3\" style=\"height: 41.25pt; width: 129.75pt;\" width=\"173\" height=\"55\">Nombre del par\u00e1metro<\/td>\n<td class=\"et3\" style=\"width: 117.75pt;\" width=\"157\">SD13 (versi\u00f3n est\u00e1ndar)<\/td>\n<td class=\"et3\" style=\"width: 117.75pt;\" width=\"157\">SD13S (versi\u00f3n de humedales)<\/td>\n<td class=\"et3\" style=\"width: 132.00pt;\" width=\"176\">SD13R (Versi\u00f3n de saneamiento ambiental)<\/td>\n<td class=\"et3\" style=\"width: 117.75pt;\" width=\"157\">SD13C (versi\u00f3n carb\u00f3n)<\/td>\n<\/tr>\n<tr style=\"height: 29.25pt;\">\n<td class=\"et4\" style=\"height: 29.25pt; width: 129.75pt;\" width=\"173\" height=\"39\">Par\u00e1metros de rendimiento<\/td>\n<td class=\"et4\" style=\"width: 117.75pt;\" width=\"157\"><\/td>\n<td class=\"et4\" style=\"width: 117.75pt;\" width=\"157\"><\/td>\n<td class=\"et4\" style=\"width: 132.00pt;\" width=\"176\"><\/td>\n<td class=\"et4\" style=\"width: 117.75pt;\" width=\"157\"><\/td>\n<\/tr>\n<tr style=\"height: 15.00pt;\">\n<td class=\"et4\" style=\"height: 15.00pt; width: 129.75pt;\" width=\"173\" height=\"20\">Peso operativo (Kg)<\/td>\n<td class=\"et4\" style=\"width: 117.75pt;\" align=\"right\" width=\"157\">13700<\/td>\n<td class=\"et4\" style=\"width: 117.75pt;\" align=\"right\" width=\"157\">14900<\/td>\n<td class=\"et4\" style=\"width: 132.00pt;\" align=\"right\" width=\"176\">15200<\/td>\n<td class=\"et4\" style=\"width: 117.75pt;\" align=\"right\" width=\"157\">13900<\/td>\n<\/tr>\n<tr style=\"height: 15.00pt;\">\n<td class=\"et4\" style=\"height: 15.00pt; width: 129.75pt;\" width=\"173\" height=\"20\">Presi\u00f3n sobre el suelo (kPa)<\/td>\n<td class=\"et4\" style=\"width: 117.75pt;\" align=\"right\" width=\"157\">53.8<\/td>\n<td class=\"et4\" style=\"width: 117.75pt;\" align=\"right\" width=\"157\">38.4<\/td>\n<td class=\"et4\" style=\"width: 132.00pt;\" align=\"right\" width=\"176\">39.2<\/td>\n<td class=\"et4\" style=\"width: 117.75pt;\" align=\"right\" width=\"157\">54.6<\/td>\n<\/tr>\n<tr style=\"height: 15.00pt;\">\n<td class=\"et4\" style=\"height: 15.00pt; width: 129.75pt;\" width=\"173\" height=\"20\">Motor<\/td>\n<td class=\"et4\" style=\"width: 117.75pt;\" width=\"157\"><\/td>\n<td class=\"et4\" style=\"width: 117.75pt;\" width=\"157\"><\/td>\n<td class=\"et4\" style=\"width: 132.00pt;\" width=\"176\"><\/td>\n<td class=\"et4\" style=\"width: 117.75pt;\" width=\"157\"><\/td>\n<\/tr>\n<tr style=\"height: 43.50pt;\">\n<td class=\"et4\" style=\"height: 43.50pt; width: 129.75pt;\" width=\"173\" height=\"58\">Modelo de motor<\/td>\n<td class=\"et4\" style=\"width: 117.75pt;\" width=\"157\">SC8D143G2B1 (China-II)\/SC8DK (China-III)<\/td>\n<td class=\"et4\" style=\"width: 117.75pt;\" width=\"157\">SC8D143G2B1 (China-II)\/SC8DK (China-III)<\/td>\n<td class=\"et4\" style=\"width: 132.00pt;\" width=\"176\">SC8D143G2B1 (China-II)\/SC8DK (China-III)<\/td>\n<td class=\"et4\" style=\"width: 117.75pt;\" width=\"157\">SC8D143G2B1 (China-II)\/SC8DK (China-III)<\/td>\n<\/tr>\n<tr style=\"height: 29.25pt;\">\n<td class=\"et4\" style=\"height: 29.25pt; width: 129.75pt;\" width=\"173\" height=\"39\">Potencia nominal\/velocidad nominal (kW\/rpm)<\/td>\n<td class=\"et4\" style=\"width: 117.75pt;\" width=\"157\">105\/1900<\/td>\n<td class=\"et4\" style=\"width: 117.75pt;\" width=\"157\">105\/1900<\/td>\n<td class=\"et4\" style=\"width: 132.00pt;\" width=\"176\">105\/1900<\/td>\n<td class=\"et4\" style=\"width: 117.75pt;\" width=\"157\">105\/1900<\/td>\n<\/tr>\n<tr style=\"height: 15.00pt;\">\n<td class=\"et4\" style=\"height: 15.00pt; width: 129.75pt;\" width=\"173\" height=\"20\">Dimensiones totales<\/td>\n<td class=\"et4\" style=\"width: 117.75pt;\" width=\"157\"><\/td>\n<td class=\"et4\" style=\"width: 117.75pt;\" width=\"157\"><\/td>\n<td class=\"et4\" style=\"width: 132.00pt;\" width=\"176\"><\/td>\n<td class=\"et4\" style=\"width: 117.75pt;\" width=\"157\"><\/td>\n<\/tr>\n<tr style=\"height: 29.25pt;\">\n<td class=\"et4\" style=\"height: 29.25pt; width: 129.75pt;\" width=\"173\" height=\"39\">Dimensiones totales de la m\u00e1quina (mm)<\/td>\n<td class=\"et4\" style=\"width: 117.75pt;\" width=\"157\">4492*3185*2950<\/td>\n<td class=\"et4\" style=\"width: 117.75pt;\" width=\"157\">4492*3510*3000<\/td>\n<td class=\"et4\" style=\"width: 132.00pt;\" width=\"176\">4492*3510*3000<\/td>\n<td class=\"et4\" style=\"width: 117.75pt;\" width=\"157\">4492*3700*2950<\/td>\n<\/tr>\n<tr style=\"height: 15.00pt;\">\n<td class=\"et4\" style=\"height: 15.00pt; width: 129.75pt;\" width=\"173\" height=\"20\">Rendimiento de conducci\u00f3n<\/td>\n<td class=\"et4\" style=\"width: 117.75pt;\" width=\"157\"><\/td>\n<td class=\"et4\" style=\"width: 117.75pt;\" width=\"157\"><\/td>\n<td class=\"et4\" style=\"width: 132.00pt;\" width=\"176\"><\/td>\n<td class=\"et4\" style=\"width: 117.75pt;\" width=\"157\"><\/td>\n<\/tr>\n<tr style=\"height: 29.25pt;\">\n<td class=\"et4\" style=\"height: 29.25pt; width: 129.75pt;\" width=\"173\" height=\"39\">Velocidad de avance (km\/h)<\/td>\n<td class=\"et4\" style=\"width: 117.75pt;\" width=\"157\">F1: 0-3,2 F2: 0-5,9 F3: 0-9,8<\/td>\n<td class=\"et4\" style=\"width: 117.75pt;\" width=\"157\">F1: 0-3,2 F2: 0-5,9 F3: 0-9,8<\/td>\n<td class=\"et4\" style=\"width: 132.00pt;\" width=\"176\">F1: 0-3,2 F2: 0-5,9 F3: 0-9,8<\/td>\n<td class=\"et4\" style=\"width: 117.75pt;\" width=\"157\">F1: 0-3,2 F2: 0-5,9 F3: 0-9,8<\/td>\n<\/tr>\n<tr style=\"height: 29.25pt;\">\n<td class=\"et4\" style=\"height: 29.25pt; width: 129.75pt;\" width=\"173\" height=\"39\">Velocidad de marcha atr\u00e1s (km\/h)<\/td>\n<td class=\"et4\" style=\"width: 117.75pt;\" width=\"157\">R1:0-3,9 R2:0-7,1 R3:0-11,9<\/td>\n<td class=\"et4\" style=\"width: 117.75pt;\" width=\"157\">R1:0-3,9 R2:0-7,1 R3:0-11,9<\/td>\n<td class=\"et4\" style=\"width: 132.00pt;\" width=\"176\">R1:0-3,9 R2:0-7,1 R3:0-11,9<\/td>\n<td class=\"et4\" style=\"width: 117.75pt;\" width=\"157\">R1:0-3,9 R2:0-7,1 R3:0-11,9<\/td>\n<\/tr>\n<tr style=\"height: 15.00pt;\">\n<td class=\"et4\" style=\"height: 15.00pt; width: 129.75pt;\" width=\"173\" height=\"20\">Sistema de chasis<\/td>\n<td class=\"et4\" style=\"width: 117.75pt;\" width=\"157\"><\/td>\n<td class=\"et4\" style=\"width: 117.75pt;\" width=\"157\"><\/td>\n<td class=\"et4\" style=\"width: 132.00pt;\" width=\"176\"><\/td>\n<td class=\"et4\" style=\"width: 117.75pt;\" width=\"157\"><\/td>\n<\/tr>\n<tr style=\"height: 29.25pt;\">\n<td class=\"et4\" style=\"height: 29.25pt; width: 129.75pt;\" width=\"173\" height=\"39\">Distancia al centro de la pista (mm)<\/td>\n<td class=\"et4\" style=\"width: 117.75pt;\" align=\"right\" width=\"157\">1880<\/td>\n<td class=\"et4\" style=\"width: 117.75pt;\" align=\"right\" width=\"157\">1880<\/td>\n<td class=\"et4\" style=\"width: 132.00pt;\" align=\"right\" width=\"176\">1880<\/td>\n<td class=\"et4\" style=\"width: 117.75pt;\" align=\"right\" width=\"157\">1880<\/td>\n<\/tr>\n<tr style=\"height: 29.25pt;\">\n<td class=\"et4\" style=\"height: 29.25pt; width: 129.75pt;\" width=\"173\" height=\"39\">Ancho de las zapatas (mm)<\/td>\n<td class=\"et4\" style=\"width: 117.75pt;\" align=\"right\" width=\"157\">460<\/td>\n<td class=\"et4\" style=\"width: 117.75pt;\" align=\"right\" width=\"157\">700<\/td>\n<td class=\"et4\" style=\"width: 132.00pt;\" align=\"right\" width=\"176\">700<\/td>\n<td class=\"et4\" style=\"width: 117.75pt;\" align=\"right\" width=\"157\">560<\/td>\n<\/tr>\n<tr style=\"height: 15.00pt;\">\n<td class=\"et4\" style=\"height: 15.00pt; width: 129.75pt;\" width=\"173\" height=\"20\">Longitud del suelo (mm)<\/td>\n<td class=\"et4\" style=\"width: 117.75pt;\" align=\"right\" width=\"157\">2365<\/td>\n<td class=\"et4\" style=\"width: 117.75pt;\" align=\"right\" width=\"157\">2365<\/td>\n<td class=\"et4\" style=\"width: 132.00pt;\" align=\"right\" width=\"176\">2365<\/td>\n<td class=\"et4\" style=\"width: 117.75pt;\" align=\"right\" width=\"157\">2365<\/td>\n<\/tr>\n<tr style=\"height: 15.00pt;\">\n<td class=\"et4\" style=\"height: 15.00pt; width: 129.75pt;\" width=\"173\" height=\"20\">Capacidad del tanque<\/td>\n<td class=\"et4\" style=\"width: 117.75pt;\" width=\"157\"><\/td>\n<td class=\"et4\" style=\"width: 117.75pt;\" width=\"157\"><\/td>\n<td class=\"et4\" style=\"width: 132.00pt;\" width=\"176\"><\/td>\n<td class=\"et4\" style=\"width: 117.75pt;\" width=\"157\"><\/td>\n<\/tr>\n<tr style=\"height: 15.00pt;\">\n<td class=\"et4\" style=\"height: 15.00pt; width: 129.75pt;\" width=\"173\" height=\"20\">Tanque de combustible (L)<\/td>\n<td class=\"et4\" style=\"width: 117.75pt;\" align=\"right\" width=\"157\">300<\/td>\n<td class=\"et4\" style=\"width: 117.75pt;\" align=\"right\" width=\"157\">300<\/td>\n<td class=\"et4\" style=\"width: 132.00pt;\" align=\"right\" width=\"176\">300<\/td>\n<td class=\"et4\" style=\"width: 117.75pt;\" align=\"right\" width=\"157\">300<\/td>\n<\/tr>\n<tr style=\"height: 15.00pt;\">\n<td class=\"et4\" style=\"height: 15.00pt; width: 129.75pt;\" width=\"173\" height=\"20\">dispositivo de trabajo<\/td>\n<td class=\"et4\" style=\"width: 117.75pt;\" width=\"157\"><\/td>\n<td class=\"et4\" style=\"width: 117.75pt;\" width=\"157\"><\/td>\n<td class=\"et4\" style=\"width: 132.00pt;\" width=\"176\"><\/td>\n<td class=\"et4\" style=\"width: 117.75pt;\" width=\"157\"><\/td>\n<\/tr>\n<tr style=\"height: 29.25pt;\">\n<td class=\"et4\" style=\"height: 29.25pt; width: 129.75pt;\" width=\"173\" height=\"39\">Tipo de hoja<\/td>\n<td class=\"et4\" style=\"width: 117.75pt;\" width=\"157\">Cuchilla basculante recta<\/td>\n<td class=\"et4\" style=\"width: 117.75pt;\" width=\"157\">Cuchilla basculante recta<\/td>\n<td class=\"et4\" style=\"width: 132.00pt;\" width=\"176\">Cuchilla de saneamiento<\/td>\n<td class=\"et4\" style=\"width: 117.75pt;\" width=\"157\">Cuchilla de carb\u00f3n<\/td>\n<\/tr>\n<tr style=\"height: 15.00pt;\">\n<td class=\"et4\" style=\"height: 15.00pt; width: 129.75pt;\" width=\"173\" height=\"20\">Profundidad de excavaci\u00f3n (mm)<\/td>\n<td class=\"et4\" style=\"width: 117.75pt;\" align=\"right\" width=\"157\">590<\/td>\n<td class=\"et4\" style=\"width: 117.75pt;\" align=\"right\" width=\"157\">590<\/td>\n<td class=\"et4\" style=\"width: 132.00pt;\" align=\"right\" width=\"176\">590<\/td>\n<td class=\"et4\" style=\"width: 117.75pt;\" align=\"right\" width=\"157\">590<\/td>\n<\/tr>\n<tr style=\"height: 15.00pt;\">\n<td class=\"et4\" style=\"height: 15.00pt; width: 129.75pt;\" width=\"173\" height=\"20\">Tipo de desgarrador<\/td>\n<td class=\"et4\" style=\"width: 117.75pt;\" width=\"157\">Tres v\u00e1stagos<\/td>\n<td class=\"et4\" style=\"width: 117.75pt;\" width=\"157\">\u2014\u2014<\/td>\n<td class=\"et4\" style=\"width: 132.00pt;\" width=\"176\">\u2014\u2014<\/td>\n<td class=\"et4\" style=\"width: 117.75pt;\" width=\"157\">\u2014\u2014<\/td>\n<\/tr>\n<tr style=\"height: 15.00pt;\">\n<td class=\"et4\" style=\"height: 15.00pt; width: 129.75pt;\" width=\"173\" height=\"20\">Profundidad de desgarramiento (mm)<\/td>\n<td class=\"et4\" style=\"width: 117.75pt;\" align=\"right\" width=\"157\">567<\/td>\n<td class=\"et4\" style=\"width: 117.75pt;\" width=\"157\">\u2014\u2014<\/td>\n<td class=\"et4\" style=\"width: 132.00pt;\" width=\"176\">\u2014\u2014<\/td>\n<td class=\"et4\" style=\"width: 117.75pt;\" width=\"157\">\u2014\u2014<\/td>\n<\/tr>\n<\/tbody>\n<\/table>\n<\/div>\n<\/div>\n<\/div>\n<\/div>","protected":false},"excerpt":{"rendered":"<p>Potencia del motor: 105kw\/1900rpm<\/p>\n<p>Peso total: 13.700 kg (est\u00e1ndar)<\/p>\n<p>Modelo de motor: c8d143g2b1\/sc8dk<\/p>","protected":false},"featured_media":819,"comment_status":"closed","ping_status":"closed","template":"","meta":{"_eb_attr":""},"product_brand":[],"product_cat":[17],"product_tag":[],"class_list":{"0":"post-171","1":"product","2":"type-product","3":"status-publish","4":"has-post-thumbnail","6":"product_cat-bulldozer","8":"first","9":"instock","10":"shipping-taxable","11":"product-type-simple"},"_links":{"self":[{"href":"https:\/\/okunt.cn\/es\/wp-json\/wp\/v2\/product\/171","targetHints":{"allow":["GET"]}}],"collection":[{"href":"https:\/\/okunt.cn\/es\/wp-json\/wp\/v2\/product"}],"about":[{"href":"https:\/\/okunt.cn\/es\/wp-json\/wp\/v2\/types\/product"}],"replies":[{"embeddable":true,"href":"https:\/\/okunt.cn\/es\/wp-json\/wp\/v2\/comments?post=171"}],"wp:featuredmedia":[{"embeddable":true,"href":"https:\/\/okunt.cn\/es\/wp-json\/wp\/v2\/media\/819"}],"wp:attachment":[{"href":"https:\/\/okunt.cn\/es\/wp-json\/wp\/v2\/media?parent=171"}],"wp:term":[{"taxonomy":"product_brand","embeddable":true,"href":"https:\/\/okunt.cn\/es\/wp-json\/wp\/v2\/product_brand?post=171"},{"taxonomy":"product_cat","embeddable":true,"href":"https:\/\/okunt.cn\/es\/wp-json\/wp\/v2\/product_cat?post=171"},{"taxonomy":"product_tag","embeddable":true,"href":"https:\/\/okunt.cn\/es\/wp-json\/wp\/v2\/product_tag?post=171"}],"curies":[{"name":"wp","href":"https:\/\/api.w.org\/{rel}","templated":true}]}}