{"id":173,"date":"2022-06-13T09:33:51","date_gmt":"2022-06-13T09:33:51","guid":{"rendered":"https:\/\/okunt.cn\/?post_type=product&#038;p=173"},"modified":"2023-02-20T03:25:53","modified_gmt":"2023-02-20T03:25:53","slug":"best-sd16-shantui-bulldozer-for-sale","status":"publish","type":"product","link":"https:\/\/okunt.cn\/es\/producto\/best-sd16-shantui-bulldozer-for-sale\/","title":{"rendered":"La mejor excavadora Shantui SD16 a la venta"},"content":{"rendered":"<p>Best SD16 Shantui bulldozer for sale ,Weichai WD10G178E25 features the advantages of robust power, easy maintenance, and high combustion efficiency and conformed to China-II emission regulation.<\/p>\n<p>La servotransmisi\u00f3n planetaria con lubricaci\u00f3n forzada y el sistema de direcci\u00f3n asistida hidr\u00e1ulicamente logran operaciones ligeras de la m\u00e1quina y cuentan con alta potencia de transmisi\u00f3n y alta productividad.<\/p>\n<p>El sistema cerrado mantiene la presi\u00f3n del tanque de agua en un valor espec\u00edfico y puede mejorar la temperatura de evaporaci\u00f3n y la eficiencia de disipaci\u00f3n de calor del refrigerante.<\/p>\n<p>Best SD16 Shantui bulldozer for sale ,The fan is driven by the engine to enhance the cooling effect with forced air supply.<\/p>\n<p>El sistema hidr\u00e1ulico de trabajo principal de 14MPa se adopta para reducir notablemente la tasa de mal funcionamiento de las unidades hidr\u00e1ulicas, presentando una alta estabilidad de operaci\u00f3n y una funci\u00f3n de protecci\u00f3n contra sobrecarga.<\/p>\n<p>The application of water-proof connectors, new relays, and injection molded instruments can effectively eliminate the electric system malfunctions.<\/p>\n<p>The instrument box integrates the A\/C, electric devices, and instruments, featuring beautiful appearance and high grade.<\/p>\n<p>Best SD16 Shantui bulldozer for sale ,The full box-type main frame adopts full box-type integral structure welded from steel plates and is welded together with the real axle housing to realize high carrying capacity against impact load and bending moment and the high quality welds guarantee the life cycle of the main frame.<\/p>\n<p>La estructura de suspensi\u00f3n de la viga de equilibrio de tipo oscilante con viga extendida est\u00e1 conectada con el marco y el sistema de desplazamiento para transmitir la carga de trabajo y la carga de impacto al marco principal durante el trabajo, lo que mejora efectivamente la estabilidad de las excavadoras de tama\u00f1o peque\u00f1o en condiciones de trabajo complicadas.<\/p>\n<p data-spm-anchor-id=\"a2700.details.0.i20.6bb33c32D4AFUT\">La hoja inclinable recta est\u00e1ndar presenta una poderosa fuerza de corte y el desgarrador de tres v\u00e1stagos se puede usar para desgarrar arcilla y tierra congelada, presenta una alta eficiencia de trabajo y una fuerza de penetraci\u00f3n s\u00faper fuerte.<\/p>\n<p data-spm-anchor-id=\"a2700.details.0.i20.6bb33c32D4AFUT\">","protected":false},"excerpt":{"rendered":"<p>Potencia del motor: 131kw\/1850rpm<br \/>\nPeso total: 17.000 kg (est\u00e1ndar)<br \/>\nModelo de motor: Wd10\/wp10<\/p>","protected":false},"featured_media":818,"comment_status":"closed","ping_status":"closed","template":"","meta":{"_eb_attr":""},"product_brand":[],"product_cat":[17],"product_tag":[],"class_list":{"0":"post-173","1":"product","2":"type-product","3":"status-publish","4":"has-post-thumbnail","6":"product_cat-bulldozer","8":"first","9":"instock","10":"shipping-taxable","11":"product-type-simple"},"_links":{"self":[{"href":"https:\/\/okunt.cn\/es\/wp-json\/wp\/v2\/product\/173","targetHints":{"allow":["GET"]}}],"collection":[{"href":"https:\/\/okunt.cn\/es\/wp-json\/wp\/v2\/product"}],"about":[{"href":"https:\/\/okunt.cn\/es\/wp-json\/wp\/v2\/types\/product"}],"replies":[{"embeddable":true,"href":"https:\/\/okunt.cn\/es\/wp-json\/wp\/v2\/comments?post=173"}],"wp:featuredmedia":[{"embeddable":true,"href":"https:\/\/okunt.cn\/es\/wp-json\/wp\/v2\/media\/818"}],"wp:attachment":[{"href":"https:\/\/okunt.cn\/es\/wp-json\/wp\/v2\/media?parent=173"}],"wp:term":[{"taxonomy":"product_brand","embeddable":true,"href":"https:\/\/okunt.cn\/es\/wp-json\/wp\/v2\/product_brand?post=173"},{"taxonomy":"product_cat","embeddable":true,"href":"https:\/\/okunt.cn\/es\/wp-json\/wp\/v2\/product_cat?post=173"},{"taxonomy":"product_tag","embeddable":true,"href":"https:\/\/okunt.cn\/es\/wp-json\/wp\/v2\/product_tag?post=173"}],"curies":[{"name":"wp","href":"https:\/\/api.w.org\/{rel}","templated":true}]}}