{"id":200,"date":"2022-06-13T09:51:13","date_gmt":"2022-06-13T09:51:13","guid":{"rendered":"https:\/\/okunt.cn\/?post_type=product&#038;p=200"},"modified":"2023-02-20T07:24:02","modified_gmt":"2023-02-20T07:24:02","slug":"se60","status":"publish","type":"product","link":"https:\/\/okunt.cn\/es\/producto\/se60\/","title":{"rendered":"La mejor miniexcavadora SHANTUI Excavator SE60"},"content":{"rendered":"<p>Best mini excavator SHANTUI Excavator SE60 delivers maximum power and performance in a mini size to help you work in a wide range of applications.<\/p>\n<h3>Best mini excavator SHANTUI Excavator SE60 Work comfortably<\/h3>\n<p>Una cabina de dise\u00f1o completamente nuevo equipada con un sistema de aire acondicionado mejorado, reposamu\u00f1ecas ajustables y un asiento con suspensi\u00f3n para ayudarlo a trabajar c\u00f3modamente durante todo el d\u00eda.<\/p>\n<h3>Best mini excavator SHANTUI Excavator SE60 Operating easily<\/h3>\n<p>Los controles son f\u00e1ciles de usar y el monitor LED de nueva generaci\u00f3n proporciona preferencias personalizables para el operador de la m\u00e1quina e informaci\u00f3n de la m\u00e1quina f\u00e1cil de leer.<\/p>\n<h3>Best mini excavator SHANTUI Excavator SE60 Small design, big performance<\/h3>\n<p>El mayor rendimiento de elevaci\u00f3n, balanceo, desplazamiento y funciones m\u00faltiples lo ayuda a realizar el trabajo de manera m\u00e1s eficiente, y la hoja frontal permite una f\u00e1cil limpieza.<\/p>\n<h3>Best mini excavator SHANTUI Excavator SE60 Safety on the job site<\/h3>\n<p>Su seguridad es nuestra principal prioridad. La excavadora SHANTUI est\u00e1 dise\u00f1ada para ayudarlo a mantenerse seguro en el trabajo. Una c\u00e1mara de reversa, luces de trabajo de cortes\u00eda y un cintur\u00f3n de seguridad retr\u00e1ctil son solo algunas de las caracter\u00edsticas de seguridad que hemos integrado en la m\u00e1quina.<\/p>\n<h3>Best mini excavator SHANTUI Excavator SE60 \uff0cSimple service for less downtime<\/h3>\n<p>El mantenimiento es r\u00e1pido y f\u00e1cil en la excavadora SHANTUI. Los puntos de control de rutina son de f\u00e1cil acceso a nivel del suelo con puntos de servicio agrupados.<\/p>\n<h3>Costos operativos m\u00e1s bajos<\/h3>\n<p>Equipada con funciones como ralent\u00ed autom\u00e1tico, modo econ\u00f3mico y un sistema hidr\u00e1ulico eficiente con una bomba de desplazamiento variable, la excavadora SHANTUI se dise\u00f1\u00f3 pensando en reducir sus costos operativos.<\/p>\n<h3>Soporte de servicio SHANTUI sin igual<\/h3>\n<p data-spm-anchor-id=\"a2700.details.0.i15.2db45c40nvAJ7E\">Su distribuidor SHANTUI est\u00e1 aqu\u00ed para ayudarlo a alcanzar sus objetivos comerciales. Desde proporcionar soluciones de equipos hasta capacitaci\u00f3n de operadores, necesidades de servicio y m\u00e1s, su distribuidor SHANTUI est\u00e1 listo para ayudarlo.<\/p>","protected":false},"excerpt":{"rendered":"<p>Peso total: 5960kg<br \/>\nCapacidad de la cuchara: 0,22 m\u00b3<br \/>\nPotencia del motor: 36kw\/2000rpm<\/p>","protected":false},"featured_media":798,"comment_status":"closed","ping_status":"closed","template":"","meta":{"_eb_attr":""},"product_brand":[],"product_cat":[18],"product_tag":[],"class_list":{"0":"post-200","1":"product","2":"type-product","3":"status-publish","4":"has-post-thumbnail","6":"product_cat-excavator","8":"first","9":"instock","10":"shipping-taxable","11":"product-type-simple"},"_links":{"self":[{"href":"https:\/\/okunt.cn\/es\/wp-json\/wp\/v2\/product\/200","targetHints":{"allow":["GET"]}}],"collection":[{"href":"https:\/\/okunt.cn\/es\/wp-json\/wp\/v2\/product"}],"about":[{"href":"https:\/\/okunt.cn\/es\/wp-json\/wp\/v2\/types\/product"}],"replies":[{"embeddable":true,"href":"https:\/\/okunt.cn\/es\/wp-json\/wp\/v2\/comments?post=200"}],"wp:featuredmedia":[{"embeddable":true,"href":"https:\/\/okunt.cn\/es\/wp-json\/wp\/v2\/media\/798"}],"wp:attachment":[{"href":"https:\/\/okunt.cn\/es\/wp-json\/wp\/v2\/media?parent=200"}],"wp:term":[{"taxonomy":"product_brand","embeddable":true,"href":"https:\/\/okunt.cn\/es\/wp-json\/wp\/v2\/product_brand?post=200"},{"taxonomy":"product_cat","embeddable":true,"href":"https:\/\/okunt.cn\/es\/wp-json\/wp\/v2\/product_cat?post=200"},{"taxonomy":"product_tag","embeddable":true,"href":"https:\/\/okunt.cn\/es\/wp-json\/wp\/v2\/product_tag?post=200"}],"curies":[{"name":"wp","href":"https:\/\/api.w.org\/{rel}","templated":true}]}}