{"id":230,"date":"2022-06-14T01:12:53","date_gmt":"2022-06-14T01:12:53","guid":{"rendered":"https:\/\/okunt.cn\/?post_type=product&#038;p=230"},"modified":"2023-02-20T06:21:11","modified_gmt":"2023-02-20T06:21:11","slug":"sem-loader-machine-656d","status":"publish","type":"product","link":"https:\/\/okunt.cn\/es\/producto\/sem-loader-machine-656d\/","title":{"rendered":"M\u00e1quina cargadora SEM 656D"},"content":{"rendered":"<p>SEM loader machine 656D\uff0cThe brand new 162kW@2000RPM electronically controlled high-pressure common rail engine of SEM656D loader of SEM656D meets the national three emission standards. It can perform fault diagnosis and remote monitoring through special service software to provide guarantee for service. Standard electromagnetic fan, lower fuel consumption and torque Large reserves and strong power.<\/p>\n<div class=\"J_module\">\n<div class=\"detail-decorate-json-renderer-container\">\n<div class=\"magic-3\">\n<div class=\"magic-6\">\n<div class=\"magic-7\">\n<div class=\"magic-8\" data-spm-anchor-id=\"a2700.details.0.i21.23463380whIFRf\"><sub><span class=\"magic-12\">SEM loader machine 656D Applications<br \/>\n1) El dise\u00f1o resistente de la SEM655D la convierte en la m\u00e1quina perfecta para aplicaciones de movimiento de tierras de gran volumen<br \/>\n2) En aplicaciones de alimentaci\u00f3n de tolva y carga de carb\u00f3n, el SEM655D puede cargar m\u00e1s, moverse m\u00e1s r\u00e1pido y quemar menos combustible<br \/>\n3) M\u00faltiples herramientas de trabajo disponibles para una mayor versatilidad<br \/>\nSEM loader machine 656D Weichai Engine<br \/>\n1) El motor de baja velocidad con E-fan de SEM655D proporciona una mayor eficiencia operativa<br \/>\n2) El prefiltro de combustible mejorado propiedad de SEM655D elimina el agua y los contaminantes del combustible para una mejor protecci\u00f3n del sistema de combustible<br \/>\n3) El filtro de aire SEM655D brinda confiabilidad a la m\u00e1quina incluso en las aplicaciones m\u00e1s severas<br \/>\nCargador SEM 656D Proveedor Sistema Hidr\u00e1ulico Eficiente<br \/>\n1) El sistema hidr\u00e1ulico de combinaci\u00f3n de flujo de bomba doble aumenta la eficiencia de trabajo de SEM 655D<br \/>\n2) El sistema hidr\u00e1ulico optimizado combinado con el tren de transmisi\u00f3n reduce el tiempo de ciclo de SEM655D y aumenta la productividad<br \/>\n3) Control hidr\u00e1ulico de joystick para un funcionamiento f\u00e1cil y preciso<br \/>\nSEM loader machine 656D Operator Station<br \/>\n1)Estaci\u00f3n de operador premium con gran espacio y visibilidad superior<br \/>\n2)Asiento con suspensi\u00f3n ajustable<br \/>\n3) La ventana lateral deslizante y el aire acondicionado con circulaci\u00f3n de aire fresco brindan comodidad al operador<br \/>\n4) El cambio de palanca \u00fanica es flexible y conveniente<br \/>\n5) La salida de flujo de aire ajustable ofrece un mejor rendimiento de descongelaci\u00f3n<br \/>\n6) El soporte MAC patentado proporciona menos ruido y mayor comodidad<br \/>\nSEM loader machine 656D Reliable Drivetrain<br \/>\n1) La transmisi\u00f3n del contraeje con componentes centrales mejorados brinda una alta confiabilidad<br \/>\n2)La gran fuerza de tracci\u00f3n en la primera marcha y la velocidad m\u00e1s alta en la segunda proporcionan una alta eficiencia para aplicaciones de carga y transporte<br \/>\n3) El interruptor de selecci\u00f3n de corte del embrague garantiza un funcionamiento estable y seguro<br \/>\n4) La estructura del convertidor de par es simple y la eficiencia es alta<br \/>\n5) El eje dise\u00f1ado y construido por SEM proporciona el mejor rendimiento de su clase en aplicaciones de servicio pesado<br \/>\nSEM loader machine 656D Advanced Cooling System<br \/>\n1) El paquete de enfriamiento est\u00e1ndar brinda alta confiabilidad en condiciones ambientales de 50 \u2103.<br \/>\n2)Shock pad mounts ensure reliability under severe applications<\/span><\/sub><\/div>\n<\/div>\n<\/div>\n<\/div>\n<\/div>\n<\/div>","protected":false},"excerpt":{"rendered":"<p>Carga \u00fatil nominal: 5000 kg<\/p>\n<p>Peso operativo del cuchar\u00f3n est\u00e1ndar: 16\u00a0900 kg<\/p>\n<p>Capacidad del cuchar\u00f3n: 2,7-4,5 m\u00b3<\/p>","protected":false},"featured_media":782,"comment_status":"closed","ping_status":"closed","template":"","meta":{"_eb_attr":""},"product_brand":[],"product_cat":[33],"product_tag":[],"class_list":{"0":"post-230","1":"product","2":"type-product","3":"status-publish","4":"has-post-thumbnail","6":"product_cat-sem-loader","8":"first","9":"instock","10":"shipping-taxable","11":"product-type-simple"},"_links":{"self":[{"href":"https:\/\/okunt.cn\/es\/wp-json\/wp\/v2\/product\/230","targetHints":{"allow":["GET"]}}],"collection":[{"href":"https:\/\/okunt.cn\/es\/wp-json\/wp\/v2\/product"}],"about":[{"href":"https:\/\/okunt.cn\/es\/wp-json\/wp\/v2\/types\/product"}],"replies":[{"embeddable":true,"href":"https:\/\/okunt.cn\/es\/wp-json\/wp\/v2\/comments?post=230"}],"wp:featuredmedia":[{"embeddable":true,"href":"https:\/\/okunt.cn\/es\/wp-json\/wp\/v2\/media\/782"}],"wp:attachment":[{"href":"https:\/\/okunt.cn\/es\/wp-json\/wp\/v2\/media?parent=230"}],"wp:term":[{"taxonomy":"product_brand","embeddable":true,"href":"https:\/\/okunt.cn\/es\/wp-json\/wp\/v2\/product_brand?post=230"},{"taxonomy":"product_cat","embeddable":true,"href":"https:\/\/okunt.cn\/es\/wp-json\/wp\/v2\/product_cat?post=230"},{"taxonomy":"product_tag","embeddable":true,"href":"https:\/\/okunt.cn\/es\/wp-json\/wp\/v2\/product_tag?post=230"}],"curies":[{"name":"wp","href":"https:\/\/api.w.org\/{rel}","templated":true}]}}