{"id":238,"date":"2022-06-14T01:21:27","date_gmt":"2022-06-14T01:21:27","guid":{"rendered":"https:\/\/okunt.cn\/?post_type=product&#038;p=238"},"modified":"2023-02-20T05:57:25","modified_gmt":"2023-02-20T05:57:25","slug":"sl50wn-shantui-loader-machine","status":"publish","type":"product","link":"https:\/\/okunt.cn\/es\/producto\/sl50wn-shantui-loader-machine\/","title":{"rendered":"M\u00e1quina cargadora SL50WN SHANTUI"},"content":{"rendered":"<p><strong>M\u00e1quina cargadora SL50WN SHANTUI <\/strong><\/p>\n<p><strong>Principales caracter\u00edsticas<\/strong><\/p>\n<p>This series is Shantui\u2019s newly launched wheel loader. It offers unrivalled flexibility and has pilot controls (optional) designed for reduced work intensity and increased safety and comfort for the operator.<\/p>\n<p>It has an advanced Z-type reverse tipping mechanism with large breakout force and high efficiency.<\/p>\n<p><strong>SL50WN SHANTUI loader machine Efficient and powerful performance\u00a0<\/strong><\/p>\n<p>(1) El motor de ahorro de energ\u00eda Blue Engine II de nueva generaci\u00f3n puede ahorrar combustible en &gt;12%.<\/p>\n<p>(2) El convertidor de par de doble turbina original de Shantui, la transmisi\u00f3n planetaria y el eje motriz cuentan con una buena combinaci\u00f3n de potencia, alta eficiencia de conducci\u00f3n, fuerte capacidad de sobrecarga, alta calidad y larga vida \u00fatil.<\/p>\n<p><strong>SL50WN SHANTUI loader machine \uff0cMore reliable electric system<\/strong><\/p>\n<p>New digitalized instruments, high quality electric units, and upgraded and optimized harnesses.<\/p>\n<p>(1) Se adopta el tablero combinado de tipo de motor paso a paso, del cual la caracter\u00edstica m\u00e1s destacada son las funciones modulares.<\/p>\n<p>(2) El nuevo tablero presenta las funciones de autoexamen de mal funcionamiento del instrumento y alarma de mal funcionamiento del sistema.<\/p>\n<p>(3) Se ajustan los di\u00e1metros de los cables, las orientaciones y las longitudes de los arneses de la cargadora y el modo de fijaci\u00f3n del bastidor.<\/p>\n<p><strong>SL50WN SHANTUI loader machine \uff0cMore scientific arrangement<\/strong><\/p>\n<p>La disposici\u00f3n estructural de toda la m\u00e1quina est\u00e1 optimizada para lograr una distribuci\u00f3n de carga por eje m\u00e1s razonable<\/p>\n<p><strong>SL50WN SHANTUI loader machine \uff0cMore convenient maintenances<\/strong><\/p>\n<p data-spm-anchor-id=\"a2700.details.0.i33.25286cfaoi8BuK\">El cap\u00f3 del motor integral, el mayor espacio de apertura para levantar las puertas laterales y las tuber\u00edas de lubricaci\u00f3n de las bisagras salientes facilitan las reparaciones y el mantenimiento.<\/p>","protected":false},"excerpt":{"rendered":"<p>Peso de trabajo: 21000kg<br \/>\nCapacidad de la cuchara: 3,5 m\u00b3<br \/>\nPotencia\/velocidad: 175kw\/2200rpm<\/p>","protected":false},"featured_media":766,"comment_status":"closed","ping_status":"closed","template":"","meta":{"_eb_attr":""},"product_brand":[],"product_cat":[19],"product_tag":[],"class_list":{"0":"post-238","1":"product","2":"type-product","3":"status-publish","4":"has-post-thumbnail","6":"product_cat-loader","8":"first","9":"instock","10":"shipping-taxable","11":"product-type-simple"},"_links":{"self":[{"href":"https:\/\/okunt.cn\/es\/wp-json\/wp\/v2\/product\/238","targetHints":{"allow":["GET"]}}],"collection":[{"href":"https:\/\/okunt.cn\/es\/wp-json\/wp\/v2\/product"}],"about":[{"href":"https:\/\/okunt.cn\/es\/wp-json\/wp\/v2\/types\/product"}],"replies":[{"embeddable":true,"href":"https:\/\/okunt.cn\/es\/wp-json\/wp\/v2\/comments?post=238"}],"wp:featuredmedia":[{"embeddable":true,"href":"https:\/\/okunt.cn\/es\/wp-json\/wp\/v2\/media\/766"}],"wp:attachment":[{"href":"https:\/\/okunt.cn\/es\/wp-json\/wp\/v2\/media?parent=238"}],"wp:term":[{"taxonomy":"product_brand","embeddable":true,"href":"https:\/\/okunt.cn\/es\/wp-json\/wp\/v2\/product_brand?post=238"},{"taxonomy":"product_cat","embeddable":true,"href":"https:\/\/okunt.cn\/es\/wp-json\/wp\/v2\/product_cat?post=238"},{"taxonomy":"product_tag","embeddable":true,"href":"https:\/\/okunt.cn\/es\/wp-json\/wp\/v2\/product_tag?post=238"}],"curies":[{"name":"wp","href":"https:\/\/api.w.org\/{rel}","templated":true}]}}