{"id":244,"date":"2022-06-14T01:46:05","date_gmt":"2022-06-14T01:46:05","guid":{"rendered":"https:\/\/okunt.cn\/?post_type=product&#038;p=244"},"modified":"2022-09-05T07:03:13","modified_gmt":"2022-09-05T07:03:13","slug":"sem-motor-grader-921","status":"publish","type":"product","link":"https:\/\/okunt.cn\/es\/producto\/sem-motor-grader-921\/","title":{"rendered":"Mejor motoniveladora SEM-921"},"content":{"rendered":"<p>Best SEM-Motor Grader-921,National II emission is equipped with a supercharged and intercooled engine, with large torque reserve and strong power; The new cooling system design meets the working requirements of the ambient temperature of minus 40 \u00b0C ~ minus 50 \u00b0C; Best SEM-Motor Grader-921\uff0cInternational advanced technology gearbox, electro-hydraulic control Power shift, six front and three rear gears; Three-stage drive rear axle.<\/p>\n<p>1. Garant\u00eda de tiempo m\u00e1s largo: un a\u00f1o,<\/p>\n<p>2. paquete: paquete de protecci\u00f3n del mar con pel\u00edcula no desnuda ya sea por contenedor o no.<\/p>\n<p>3. La calidad es fuerte con un buen marco de cuerpo de acero, componente de marca, la tecnolog\u00eda es madura.<\/p>\n<p>4. Dise\u00f1o adecuado para que el tama\u00f1o de la longitud de la carretilla elevadora sea m\u00e1s largo debido al espacio de conducci\u00f3n adecuado<\/p>\n<p>5. precio m\u00e1s bajo comparar las mismas m\u00e1quinas<\/p>\n<p data-spm-anchor-id=\"a2700.details.0.i29.47d235b0TBA66j\">6. El servicio est\u00e1 satisfecho con nuestro equipo de posventa y nuestro equipo de ingenier\u00eda.<\/p>","protected":false},"excerpt":{"rendered":"<p>Est\u00e1ndar (peso operativo): 15.930 kg<br \/>\nm\u00edn. Radio de giro: 7,8 m<br \/>\nDistancia entre ejes: 6.140 mm<\/p>","protected":false},"featured_media":245,"comment_status":"closed","ping_status":"closed","template":"","meta":{"_eb_attr":""},"product_brand":[],"product_cat":[20],"product_tag":[],"class_list":{"0":"post-244","1":"product","2":"type-product","3":"status-publish","4":"has-post-thumbnail","6":"product_cat-motor-grader","8":"first","9":"instock","10":"shipping-taxable","11":"product-type-simple"},"_links":{"self":[{"href":"https:\/\/okunt.cn\/es\/wp-json\/wp\/v2\/product\/244","targetHints":{"allow":["GET"]}}],"collection":[{"href":"https:\/\/okunt.cn\/es\/wp-json\/wp\/v2\/product"}],"about":[{"href":"https:\/\/okunt.cn\/es\/wp-json\/wp\/v2\/types\/product"}],"replies":[{"embeddable":true,"href":"https:\/\/okunt.cn\/es\/wp-json\/wp\/v2\/comments?post=244"}],"wp:featuredmedia":[{"embeddable":true,"href":"https:\/\/okunt.cn\/es\/wp-json\/wp\/v2\/media\/245"}],"wp:attachment":[{"href":"https:\/\/okunt.cn\/es\/wp-json\/wp\/v2\/media?parent=244"}],"wp:term":[{"taxonomy":"product_brand","embeddable":true,"href":"https:\/\/okunt.cn\/es\/wp-json\/wp\/v2\/product_brand?post=244"},{"taxonomy":"product_cat","embeddable":true,"href":"https:\/\/okunt.cn\/es\/wp-json\/wp\/v2\/product_cat?post=244"},{"taxonomy":"product_tag","embeddable":true,"href":"https:\/\/okunt.cn\/es\/wp-json\/wp\/v2\/product_tag?post=244"}],"curies":[{"name":"wp","href":"https:\/\/api.w.org\/{rel}","templated":true}]}}