{"id":246,"date":"2022-06-14T01:47:52","date_gmt":"2022-06-14T01:47:52","guid":{"rendered":"https:\/\/okunt.cn\/?post_type=product&#038;p=246"},"modified":"2022-09-05T06:54:29","modified_gmt":"2022-09-05T06:54:29","slug":"sg18-3","status":"publish","type":"product","link":"https:\/\/okunt.cn\/es\/producto\/sg18-3\/","title":{"rendered":"MEJOR Motoniveladora SHANTUI SG18-3"},"content":{"rendered":"<p>SHANTUI Motor Grader SG18-3 motor grader adopts the external ring gear type working device to achieve higher transmitted torque, larger blade cutting angle, and better material control capability and features the maximum traction force among the domestic like machines.<\/p>\n<p>This machine is applicable for large-area leveling, ditching, slope scraping, bulldozing, ripping, land clearing, and snow removing and is an ideally essential machine for large building constructions, water conservancy projects,engine features reliable performances and high efficiency and energy-saving.<\/p>\n<p>SHANTUI Motor Grader SG18-3 ,The 6-speed electronically controlled shift hydraulic transmission with ZF technology features reasonable speed ratio distribution to ensure that the whole machine has three working gears at choice to ensure operating reliability and flexibility.<\/p>\n<p>La estructura tipo caja soldada a partir de placas integrales presenta una alta resistencia.<\/p>\n<p>La corona dentada externa adoptada presenta un alto par transmitido, un mayor \u00e1ngulo de corte de la hoja y una mejor capacidad de manejo de materiales, y es especialmente \u00fatil cuando se manejan materiales secos y arcillas.<\/p>\n<p>SHANTUI Motor Grader SG18-3 ,Featuring simple operations and high impact resistance against external forces, it\u2019s applicable for the working conditions with high operating volume and severe operating environment.<\/p>\n<p>&nbsp;<\/p>\n<p>Se adoptan tecnolog\u00edas internacionales avanzadas de control de frenos hidr\u00e1ulicos y unidades hidr\u00e1ulicas de renombre internacional para garantizar la seguridad y confiabilidad del frenado.<\/p>\n<p>La direcci\u00f3n totalmente hidr\u00e1ulica de las ruedas delanteras est\u00e1 equipada con un radio de giro peque\u00f1o y una gran movilidad y flexibilidad.<\/p>\n<p data-spm-anchor-id=\"a2700.details.0.i28.4d5b2a02b2JBRU\">SHANTUI Motor Grader SG18-3 ,The high-grade full-sealed luxury cab with total visual field and the high-efficiency shock-absorbing seat maximize the operation comfort.<\/p>","protected":false},"excerpt":{"rendered":"<p>Potencia del motor: 132kw\/2200<br \/>\nPeso total: 15700 kg<br \/>\nAncho de la hoja de la pala: 3660\/3965 mm<\/p>","protected":false},"featured_media":762,"comment_status":"closed","ping_status":"closed","template":"","meta":{"_eb_attr":""},"product_brand":[],"product_cat":[20],"product_tag":[],"class_list":{"0":"post-246","1":"product","2":"type-product","3":"status-publish","4":"has-post-thumbnail","6":"product_cat-motor-grader","8":"first","9":"instock","10":"shipping-taxable","11":"product-type-simple"},"_links":{"self":[{"href":"https:\/\/okunt.cn\/es\/wp-json\/wp\/v2\/product\/246","targetHints":{"allow":["GET"]}}],"collection":[{"href":"https:\/\/okunt.cn\/es\/wp-json\/wp\/v2\/product"}],"about":[{"href":"https:\/\/okunt.cn\/es\/wp-json\/wp\/v2\/types\/product"}],"replies":[{"embeddable":true,"href":"https:\/\/okunt.cn\/es\/wp-json\/wp\/v2\/comments?post=246"}],"wp:featuredmedia":[{"embeddable":true,"href":"https:\/\/okunt.cn\/es\/wp-json\/wp\/v2\/media\/762"}],"wp:attachment":[{"href":"https:\/\/okunt.cn\/es\/wp-json\/wp\/v2\/media?parent=246"}],"wp:term":[{"taxonomy":"product_brand","embeddable":true,"href":"https:\/\/okunt.cn\/es\/wp-json\/wp\/v2\/product_brand?post=246"},{"taxonomy":"product_cat","embeddable":true,"href":"https:\/\/okunt.cn\/es\/wp-json\/wp\/v2\/product_cat?post=246"},{"taxonomy":"product_tag","embeddable":true,"href":"https:\/\/okunt.cn\/es\/wp-json\/wp\/v2\/product_tag?post=246"}],"curies":[{"name":"wp","href":"https:\/\/api.w.org\/{rel}","templated":true}]}}