{"id":259,"date":"2022-06-14T02:12:54","date_gmt":"2022-06-14T02:12:54","guid":{"rendered":"https:\/\/okunt.cn\/?post_type=product&#038;p=259"},"modified":"2022-09-05T03:38:21","modified_gmt":"2022-09-05T03:38:21","slug":"sr12-5","status":"publish","type":"product","link":"https:\/\/okunt.cn\/es\/producto\/sr12-5\/","title":{"rendered":"Mejor Rodillo compactador SHANTUI SR12-5"},"content":{"rendered":"<p>Best SHANTUI Road Roller SR12-5,Shantui&#8217;s new generation , full hydraulic double drive, two-speed stepless speed change, vibration system is closed system, double amplitude, hydraulic components are produced by internationally renowned hydraulic parts manufacturers, ensuring the practicality and stability of the walking vibration system. The system is matched reasonably, reliable, energy-saving and efficient.<\/p>\n<p>Best SHANTUI Road Roller SR12-5:<\/p>\n<p>1. Potente<br \/>\nShantui y Weichai utilizan las ventajas de su propia plataforma para ajustar el rendimiento del motor, de modo que la zona de econom\u00eda de combustible del motor y las condiciones de trabajo comunes de este veh\u00edculo puedan maximizarse, ahorrando alrededor de 15%.<\/p>\n<p>2. Sistema hidr\u00e1ulico de remolque<br \/>\nCuando el rodillo no se puede mover por s\u00ed mismo, el sistema puede remolcar el rodillo en distancias cortas, lo cual es conveniente y eficiente.<\/p>\n<p>3. Dise\u00f1o humanizado<br \/>\nLa amortiguaci\u00f3n de tres etapas reduce efectivamente la vibraci\u00f3n transmitida por la rueda de acero y mejora la comodidad de operaci\u00f3n. Bater\u00eda de alto rendimiento sin mantenimiento, operaci\u00f3n con una sola manija, cambio de velocidad continuo de dos velocidades, lo que garantiza la comodidad de conducci\u00f3n.<\/p>\n<p>4. Medici\u00f3n de presi\u00f3n centralizada, detecci\u00f3n conveniente de vibraci\u00f3n, caminar, presi\u00f3n de direcci\u00f3n, etc.<\/p>\n<p>5. Eje de transmisi\u00f3n DA-NA original importado, excelente rendimiento.<\/p>\n<p>6. Best SHANTUI Road Roller SR12-5,The newly designed cab based on ergonomics has a large space, standard radio and air conditioning, which greatly improves the user&#8217;s operating experience.<\/p>","protected":false},"excerpt":{"rendered":"<p>Peso total: 26000 kg<br \/>\nDi\u00e1metro de la rueda de vibraci\u00f3n: 1600 mm<br \/>\nPotencia nominal: 140\/1800 kw\/rpm<\/p>","protected":false},"featured_media":755,"comment_status":"closed","ping_status":"closed","template":"","meta":{"_eb_attr":""},"product_brand":[],"product_cat":[21],"product_tag":[],"class_list":{"0":"post-259","1":"product","2":"type-product","3":"status-publish","4":"has-post-thumbnail","6":"product_cat-road-roller","8":"first","9":"instock","10":"shipping-taxable","11":"product-type-simple"},"_links":{"self":[{"href":"https:\/\/okunt.cn\/es\/wp-json\/wp\/v2\/product\/259","targetHints":{"allow":["GET"]}}],"collection":[{"href":"https:\/\/okunt.cn\/es\/wp-json\/wp\/v2\/product"}],"about":[{"href":"https:\/\/okunt.cn\/es\/wp-json\/wp\/v2\/types\/product"}],"replies":[{"embeddable":true,"href":"https:\/\/okunt.cn\/es\/wp-json\/wp\/v2\/comments?post=259"}],"wp:featuredmedia":[{"embeddable":true,"href":"https:\/\/okunt.cn\/es\/wp-json\/wp\/v2\/media\/755"}],"wp:attachment":[{"href":"https:\/\/okunt.cn\/es\/wp-json\/wp\/v2\/media?parent=259"}],"wp:term":[{"taxonomy":"product_brand","embeddable":true,"href":"https:\/\/okunt.cn\/es\/wp-json\/wp\/v2\/product_brand?post=259"},{"taxonomy":"product_cat","embeddable":true,"href":"https:\/\/okunt.cn\/es\/wp-json\/wp\/v2\/product_cat?post=259"},{"taxonomy":"product_tag","embeddable":true,"href":"https:\/\/okunt.cn\/es\/wp-json\/wp\/v2\/product_tag?post=259"}],"curies":[{"name":"wp","href":"https:\/\/api.w.org\/{rel}","templated":true}]}}