{"id":268,"date":"2022-06-14T02:27:06","date_gmt":"2022-06-14T02:27:06","guid":{"rendered":"https:\/\/okunt.cn\/?post_type=product&#038;p=268"},"modified":"2022-09-05T02:20:11","modified_gmt":"2022-09-05T02:20:11","slug":"sr16","status":"publish","type":"product","link":"https:\/\/okunt.cn\/es\/producto\/sr16\/","title":{"rendered":"Mejor Rodillo compactador SHANTUI SR16"},"content":{"rendered":"<p data-spm-anchor-id=\"a2700.details.0.i16.1e5e43b8vXcQ6W\">Best SHANTUI Road Roller SR16,The drive mode adopts hydrostatically driven traveling and (front and rear drums) double drive to achieve stronger gradeability. The speed changeover is electronically controlled to realize easy, simple, and comfortable operations. The two-speed stepless speed regulation guarantees the working at most appropriate speed under diversified working conditions.<\/p>\n<p data-spm-anchor-id=\"a2700.details.0.i16.1e5e43b8vXcQ6W\">\u00a0El sistema de direcci\u00f3n completamente hidr\u00e1ulico articulado presenta una direcci\u00f3n flexible y conveniente. El mecanismo de direcci\u00f3n adopta el producto US Eaton e incorpora una v\u00e1lvula de combinaci\u00f3n FK para lograr un flujo alto, una fuerza de direcci\u00f3n baja y una funci\u00f3n de amortiguaci\u00f3n y protecci\u00f3n contra sobrecarga.<\/p>\n<p data-spm-anchor-id=\"a2700.details.0.i14.1e5e43b8vXcQ6W\">El sistema de frenos compuesto por los frenos en el eje motriz y el reductor de tambor vibratorio y el freno hidrost\u00e1tico del sistema hidr\u00e1ulico de tipo cerrado incorpora las funciones de freno de servicio, freno de estacionamiento y freno de emergencia para garantizar la seguridad y confiabilidad de la conducci\u00f3n.<\/p>\n<p>El nuevo dise\u00f1o aerodin\u00e1mico garantiza un modelado de m\u00e1quinas suave, limpio y elegante.<\/p>\n<p data-spm-anchor-id=\"a2700.details.0.i15.1e5e43b8vXcQ6W\">Con tapicer\u00eda de lujo, la cabina de estructura poli\u00e9drica se caracteriza por un amplio campo visual y un gran espacio.<\/p>","protected":false},"excerpt":{"rendered":"<p>Peso de la m\u00e1quina: 16000 kg<br \/>\nPotencia del motor: 129kw\/2200rpm<br \/>\nAncho de compactaci\u00f3n: 2130 mm<\/p>","protected":false},"featured_media":750,"comment_status":"closed","ping_status":"closed","template":"","meta":{"_eb_attr":""},"product_brand":[],"product_cat":[21],"product_tag":[],"class_list":{"0":"post-268","1":"product","2":"type-product","3":"status-publish","4":"has-post-thumbnail","6":"product_cat-road-roller","8":"first","9":"instock","10":"shipping-taxable","11":"product-type-simple"},"_links":{"self":[{"href":"https:\/\/okunt.cn\/es\/wp-json\/wp\/v2\/product\/268","targetHints":{"allow":["GET"]}}],"collection":[{"href":"https:\/\/okunt.cn\/es\/wp-json\/wp\/v2\/product"}],"about":[{"href":"https:\/\/okunt.cn\/es\/wp-json\/wp\/v2\/types\/product"}],"replies":[{"embeddable":true,"href":"https:\/\/okunt.cn\/es\/wp-json\/wp\/v2\/comments?post=268"}],"wp:featuredmedia":[{"embeddable":true,"href":"https:\/\/okunt.cn\/es\/wp-json\/wp\/v2\/media\/750"}],"wp:attachment":[{"href":"https:\/\/okunt.cn\/es\/wp-json\/wp\/v2\/media?parent=268"}],"wp:term":[{"taxonomy":"product_brand","embeddable":true,"href":"https:\/\/okunt.cn\/es\/wp-json\/wp\/v2\/product_brand?post=268"},{"taxonomy":"product_cat","embeddable":true,"href":"https:\/\/okunt.cn\/es\/wp-json\/wp\/v2\/product_cat?post=268"},{"taxonomy":"product_tag","embeddable":true,"href":"https:\/\/okunt.cn\/es\/wp-json\/wp\/v2\/product_tag?post=268"}],"curies":[{"name":"wp","href":"https:\/\/api.w.org\/{rel}","templated":true}]}}