{"id":270,"date":"2022-06-14T02:28:35","date_gmt":"2022-06-14T02:28:35","guid":{"rendered":"https:\/\/okunt.cn\/?post_type=product&#038;p=270"},"modified":"2022-09-06T03:43:39","modified_gmt":"2022-09-06T03:43:39","slug":"sr18","status":"publish","type":"product","link":"https:\/\/okunt.cn\/es\/producto\/sr18\/","title":{"rendered":"Mejor Rodillo compactador SHANTUI SR18"},"content":{"rendered":"<h5>SHANTUI Road Roller SR18<\/h5>\n<p>Tiene un sistema de accionamiento de doble recorrido, una fuerza de excitaci\u00f3n de alto alcance y puede personalizar las soluciones de compactaci\u00f3n para diferentes especificaciones de densidad. La m\u00e1quina es adecuada para la compactaci\u00f3n de varios suelos no cohesivos y hormig\u00f3n, y es ideal para varios sitios industriales y proyectos de cimentaci\u00f3n de edificios.<\/p>\n<p>SHANTUI Road Roller SR18\uff1a<\/p>\n<table style=\"border-collapse: collapse; width: 322.52pt;\" border=\"0\" width=\"430\" cellspacing=\"0\" cellpadding=\"0\">\n<tbody>\n<tr style=\"height: 14.25pt;\">\n<td class=\"et2\" style=\"height: 14.25pt; width: 161.25pt;\" width=\"215\" height=\"19\">Nombre del par\u00e1metro<\/td>\n<td class=\"et2\" style=\"width: 161.25pt;\" width=\"215\">SR18<\/td>\n<\/tr>\n<tr style=\"height: 14.25pt;\">\n<td class=\"et3\" style=\"height: 14.25pt; width: 161.25pt;\" width=\"215\" height=\"19\">Par\u00e1metros de rendimiento<\/td>\n<td class=\"et3\" style=\"width: 161.25pt;\" width=\"215\"><\/td>\n<\/tr>\n<tr style=\"height: 14.25pt;\">\n<td class=\"et4\" style=\"height: 14.25pt; width: 161.25pt;\" width=\"215\" height=\"19\">Peso operativo (Kg)<\/td>\n<td class=\"et4\" style=\"width: 161.25pt;\" width=\"215\">18000<\/td>\n<\/tr>\n<tr style=\"height: 14.25pt;\">\n<td class=\"et4\" style=\"height: 14.25pt; width: 161.25pt;\" width=\"215\" height=\"19\">Fuerza excitante (KN)<\/td>\n<td class=\"et4\" style=\"width: 161.25pt;\" width=\"215\">350\/250<\/td>\n<\/tr>\n<tr style=\"height: 14.25pt;\">\n<td class=\"et4\" style=\"height: 14.25pt; width: 161.25pt;\" width=\"215\" height=\"19\">Frecuencia de vibraci\u00f3n (Hz)<\/td>\n<td class=\"et4\" style=\"width: 161.25pt;\" width=\"215\">29\/35<\/td>\n<\/tr>\n<tr style=\"height: 14.25pt;\">\n<td class=\"et4\" style=\"height: 14.25pt; width: 161.25pt;\" width=\"215\" height=\"19\">Amplitud nominal (mm)<\/td>\n<td class=\"et4\" style=\"width: 161.25pt;\" width=\"215\">2\/1.0<\/td>\n<\/tr>\n<tr style=\"height: 14.25pt;\">\n<td class=\"et4\" style=\"height: 14.25pt; width: 161.25pt;\" width=\"215\" height=\"19\">Presi\u00f3n sobre el suelo (KPa)<\/td>\n<td class=\"et4\" style=\"width: 161.25pt;\" width=\"215\">&#8211;<\/td>\n<\/tr>\n<tr style=\"height: 14.25pt;\">\n<td class=\"et4\" style=\"height: 14.25pt; width: 161.25pt;\" width=\"215\" height=\"19\">Trepabilidad (%)<\/td>\n<td class=\"et4\" style=\"width: 161.25pt;\" width=\"215\">45<\/td>\n<\/tr>\n<tr style=\"height: 14.25pt;\">\n<td class=\"et3\" style=\"height: 14.25pt; width: 161.25pt;\" width=\"215\" height=\"19\">Motor<\/td>\n<td class=\"et3\" style=\"width: 161.25pt;\" width=\"215\"><\/td>\n<\/tr>\n<tr style=\"height: 14.25pt;\">\n<td class=\"et4\" style=\"height: 14.25pt; width: 161.25pt;\" width=\"215\" height=\"19\">Modelo de motor<\/td>\n<td class=\"et4\" style=\"width: 161.25pt;\" width=\"215\">6BTA5.9-C180<\/td>\n<\/tr>\n<tr style=\"height: 28.50pt;\">\n<td class=\"et4\" style=\"height: 28.50pt; width: 161.25pt;\" width=\"215\" height=\"38\">Potencia nominal\/velocidad nominal (kW\/rpm)<\/td>\n<td class=\"et4\" style=\"width: 161.25pt;\" width=\"215\">132\/2500<\/td>\n<\/tr>\n<tr style=\"height: 14.25pt;\">\n<td class=\"et3\" style=\"height: 14.25pt; width: 161.25pt;\" width=\"215\" height=\"19\">Dimensiones totales<\/td>\n<td class=\"et3\" style=\"width: 161.25pt;\" width=\"215\"><\/td>\n<\/tr>\n<tr style=\"height: 28.50pt;\">\n<td class=\"et4\" style=\"height: 28.50pt; width: 161.25pt;\" width=\"215\" height=\"38\">Dimensiones totales de la m\u00e1quina (mm)<\/td>\n<td class=\"et4\" style=\"width: 161.25pt;\" width=\"215\">6093*2410*3132<\/td>\n<\/tr>\n<tr style=\"height: 14.25pt;\">\n<td class=\"et3\" style=\"height: 14.25pt; width: 161.25pt;\" width=\"215\" height=\"19\">Rendimiento de conducci\u00f3n<\/td>\n<td class=\"et3\" style=\"width: 161.25pt;\" width=\"215\"><\/td>\n<\/tr>\n<tr style=\"height: 28.50pt;\">\n<td class=\"et4\" style=\"height: 28.50pt; width: 161.25pt;\" width=\"215\" height=\"38\">Velocidad de avance (km\/h)<\/td>\n<td class=\"et4\" style=\"width: 161.25pt;\" width=\"215\">F1: 0~5,6, F2: 0~7,1, F3: 0~8,7, F4: 0~13,5<\/td>\n<\/tr>\n<tr style=\"height: 28.50pt;\">\n<td class=\"et4\" style=\"height: 28.50pt; width: 161.25pt;\" width=\"215\" height=\"38\">Velocidad de marcha atr\u00e1s (km\/h)<\/td>\n<td class=\"et4\" style=\"width: 161.25pt;\" width=\"215\">R1: 0~5.6 ,R2: 0~7.1 ,R3: 0~8.7 ,R4: 0~13.5<\/td>\n<\/tr>\n<tr style=\"height: 14.25pt;\">\n<td class=\"et3\" style=\"height: 14.25pt; width: 161.25pt;\" width=\"215\" height=\"19\">Sistema de chasis<\/td>\n<td class=\"et3\" style=\"width: 161.25pt;\" width=\"215\"><\/td>\n<\/tr>\n<tr style=\"height: 14.25pt;\">\n<td class=\"et4\" style=\"height: 14.25pt; width: 161.25pt;\" width=\"215\" height=\"19\">Distancia entre ejes (mm)<\/td>\n<td class=\"et4\" style=\"width: 161.25pt;\" width=\"215\">&#8211;<\/td>\n<\/tr>\n<tr style=\"height: 14.25pt;\">\n<td class=\"et3\" style=\"height: 14.25pt; width: 161.25pt;\" width=\"215\" height=\"19\">Capacidad del tanque<\/td>\n<td class=\"et3\" style=\"width: 161.25pt;\" width=\"215\"><\/td>\n<\/tr>\n<tr style=\"height: 14.25pt;\">\n<td class=\"et4\" style=\"height: 14.25pt; width: 161.25pt;\" width=\"215\" height=\"19\">Tanque de combustible (L)<\/td>\n<td class=\"et4\" style=\"width: 161.25pt;\" width=\"215\">265<\/td>\n<\/tr>\n<tr style=\"height: 14.25pt;\">\n<td class=\"et3\" style=\"height: 14.25pt; width: 161.25pt;\" width=\"215\" height=\"19\">dispositivo de trabajo<\/td>\n<td class=\"et3\" style=\"width: 161.25pt;\" width=\"215\"><\/td>\n<\/tr>\n<tr style=\"height: 14.25pt;\">\n<td class=\"et4\" style=\"height: 14.25pt; width: 161.25pt;\" width=\"215\" height=\"19\">Ancho de compactaci\u00f3n (mm)<\/td>\n<td class=\"et4\" style=\"width: 161.25pt;\" width=\"215\">2140<\/td>\n<\/tr>\n<\/tbody>\n<\/table>","protected":false},"excerpt":{"rendered":"<p>Peso de la m\u00e1quina: 18000 kg<br \/>\nPotencia del motor: 132kw\/2500rpm<br \/>\nAncho de compactaci\u00f3n: 2140 mm<\/p>","protected":false},"featured_media":748,"comment_status":"closed","ping_status":"closed","template":"","meta":{"_eb_attr":""},"product_brand":[],"product_cat":[21],"product_tag":[],"class_list":{"0":"post-270","1":"product","2":"type-product","3":"status-publish","4":"has-post-thumbnail","6":"product_cat-road-roller","8":"first","9":"instock","10":"shipping-taxable","11":"product-type-simple"},"_links":{"self":[{"href":"https:\/\/okunt.cn\/es\/wp-json\/wp\/v2\/product\/270","targetHints":{"allow":["GET"]}}],"collection":[{"href":"https:\/\/okunt.cn\/es\/wp-json\/wp\/v2\/product"}],"about":[{"href":"https:\/\/okunt.cn\/es\/wp-json\/wp\/v2\/types\/product"}],"replies":[{"embeddable":true,"href":"https:\/\/okunt.cn\/es\/wp-json\/wp\/v2\/comments?post=270"}],"wp:featuredmedia":[{"embeddable":true,"href":"https:\/\/okunt.cn\/es\/wp-json\/wp\/v2\/media\/748"}],"wp:attachment":[{"href":"https:\/\/okunt.cn\/es\/wp-json\/wp\/v2\/media?parent=270"}],"wp:term":[{"taxonomy":"product_brand","embeddable":true,"href":"https:\/\/okunt.cn\/es\/wp-json\/wp\/v2\/product_brand?post=270"},{"taxonomy":"product_cat","embeddable":true,"href":"https:\/\/okunt.cn\/es\/wp-json\/wp\/v2\/product_cat?post=270"},{"taxonomy":"product_tag","embeddable":true,"href":"https:\/\/okunt.cn\/es\/wp-json\/wp\/v2\/product_tag?post=270"}],"curies":[{"name":"wp","href":"https:\/\/api.w.org\/{rel}","templated":true}]}}